{"id":624412,"date":"2025-08-09T11:16:32","date_gmt":"2025-08-09T09:16:32","guid":{"rendered":"https:\/\/lucacastelli.com\/prodotto\/milwaukee-support-laser-360-pour-lasers-lineaires\/"},"modified":"2025-08-09T11:16:32","modified_gmt":"2025-08-09T09:16:32","slug":"milwaukee-support-laser-360-pour-lasers-lineaires","status":"publish","type":"product","link":"https:\/\/lucacastelli.com\/fr\/produit\/milwaukee-support-laser-360-pour-lasers-lineaires\/","title":{"rendered":"Milwaukee Support laser 360\u00b0 pour lasers lin\u00e9aires"},"content":{"rendered":"<p>LM360 \/LASER LEVELS unt<br \/>\nLe support laser Milwaukee 360\u00b0 garantit une mise en place rapide et polyvalente.;Compatible avec tous les lasers Milwaukee, r\u00e9glage maximal ;Syst\u00e8me de micro-r\u00e9glage pour un alignement vertical et horizontal rapide et pr\u00e9cis ;Aimants sur les c\u00f4t\u00e9s pour une fixation ferme, m\u00eame sur de l&#8217;acier fin ;Polyvalence de fixation maximale gr\u00e2ce aux trous int\u00e9gr\u00e9s ;Filets 1\/4\u02dd et 5\/8\u02dd, compatibilit\u00e9 avec la plupart des tr\u00e9pieds<\/p>\n<p>4932478105<br \/>\n.<\/p>\n","protected":false},"excerpt":{"rendered":"<p>LM360 \/NIVEAUX DE LASER unt<\/p>\n","protected":false},"featured_media":539899,"template":"","meta":{"_seopress_robots_primary_cat":"","_seopress_titles_title":"","_seopress_titles_desc":"","_seopress_robots_index":""},"product_brand":[3407],"product_cat":[29,514,551],"product_tag":[3270],"class_list":{"0":"post-624412","1":"product","2":"type-product","3":"status-publish","4":"has-post-thumbnail","6":"product_brand-milwaukee","7":"product_cat-macchinari","8":"product_cat-altri-dispositivi","9":"product_cat-apparecchi-di-misurazione","10":"product_tag-import-milwau","11":"sws-conto-ricavi-merci-rivendita-macchinari-fr","12":"sws-gruppo-iva-iva81-fr","14":"first","15":"onbackorder","16":"sale","17":"shipping-taxable","18":"purchasable","19":"product-type-simple"},"_links":{"self":[{"href":"https:\/\/lucacastelli.com\/fr\/wp-json\/wp\/v2\/product\/624412","targetHints":{"allow":["GET"]}}],"collection":[{"href":"https:\/\/lucacastelli.com\/fr\/wp-json\/wp\/v2\/product"}],"about":[{"href":"https:\/\/lucacastelli.com\/fr\/wp-json\/wp\/v2\/types\/product"}],"wp:featuredmedia":[{"embeddable":true,"href":"https:\/\/lucacastelli.com\/fr\/wp-json\/wp\/v2\/media\/539899"}],"wp:attachment":[{"href":"https:\/\/lucacastelli.com\/fr\/wp-json\/wp\/v2\/media?parent=624412"}],"wp:term":[{"taxonomy":"product_brand","embeddable":true,"href":"https:\/\/lucacastelli.com\/fr\/wp-json\/wp\/v2\/product_brand?post=624412"},{"taxonomy":"product_cat","embeddable":true,"href":"https:\/\/lucacastelli.com\/fr\/wp-json\/wp\/v2\/product_cat?post=624412"},{"taxonomy":"product_tag","embeddable":true,"href":"https:\/\/lucacastelli.com\/fr\/wp-json\/wp\/v2\/product_tag?post=624412"}],"curies":[{"name":"wp","href":"https:\/\/api.w.org\/{rel}","templated":true}]}}