{"id":624408,"date":"2025-08-09T11:16:30","date_gmt":"2025-08-09T09:16:30","guid":{"rendered":"https:\/\/lucacastelli.com\/prodotto\/milwaukee-support-mural-pour-laser-rotatif\/"},"modified":"2025-08-09T11:16:30","modified_gmt":"2025-08-09T09:16:30","slug":"milwaukee-support-mural-pour-laser-rotatif","status":"publish","type":"product","link":"https:\/\/lucacastelli.com\/fr\/produit\/milwaukee-support-mural-pour-laser-rotatif\/","title":{"rendered":"Milwaukee Support mural pour laser rotatif"},"content":{"rendered":"<p>LWM \/ ACCESSOIRES DE MISE \u00c0 NIVEAU DU LASER<br \/>\nMicro r\u00e9glage vertical pour un alignement pr\u00e9cis lors de la mise en place;Trous et pinces pour une mise en place polyvalente sur les murs et les plafonds;Vis de r\u00e9glage de mise \u00e0 niveau pour amener le laser dans la plage de mise \u00e0 niveau automatique;R\u00e8gle gradu\u00e9e pour acc\u00e9l\u00e9rer le processus de mise en place et de r\u00e9glage;Compatible avec tous les lasers rotatifs et lin\u00e9aires Milwaukee\u00ae M12\u2122 de la gamme<\/p>\n<p>4932493201<br \/>\n4058546480721.<\/p>\n","protected":false},"excerpt":{"rendered":"<p>LWM \/LASER LEVEL ACCESSORIES<\/p>\n","protected":false},"featured_media":561463,"template":"","meta":{"_seopress_robots_primary_cat":"","_seopress_titles_title":"","_seopress_titles_desc":"","_seopress_robots_index":""},"product_brand":[3407],"product_cat":[29,514,551],"product_tag":[3270],"class_list":{"0":"post-624408","1":"product","2":"type-product","3":"status-publish","4":"has-post-thumbnail","6":"product_brand-milwaukee","7":"product_cat-macchinari","8":"product_cat-altri-dispositivi","9":"product_cat-apparecchi-di-misurazione","10":"product_tag-import-milwau","11":"sws-conto-ricavi-merci-rivendita-macchinari-fr","12":"sws-gruppo-iva-iva81-fr","14":"first","15":"onbackorder","16":"sale","17":"shipping-taxable","18":"purchasable","19":"product-type-simple"},"_links":{"self":[{"href":"https:\/\/lucacastelli.com\/fr\/wp-json\/wp\/v2\/product\/624408","targetHints":{"allow":["GET"]}}],"collection":[{"href":"https:\/\/lucacastelli.com\/fr\/wp-json\/wp\/v2\/product"}],"about":[{"href":"https:\/\/lucacastelli.com\/fr\/wp-json\/wp\/v2\/types\/product"}],"wp:featuredmedia":[{"embeddable":true,"href":"https:\/\/lucacastelli.com\/fr\/wp-json\/wp\/v2\/media\/561463"}],"wp:attachment":[{"href":"https:\/\/lucacastelli.com\/fr\/wp-json\/wp\/v2\/media?parent=624408"}],"wp:term":[{"taxonomy":"product_brand","embeddable":true,"href":"https:\/\/lucacastelli.com\/fr\/wp-json\/wp\/v2\/product_brand?post=624408"},{"taxonomy":"product_cat","embeddable":true,"href":"https:\/\/lucacastelli.com\/fr\/wp-json\/wp\/v2\/product_cat?post=624408"},{"taxonomy":"product_tag","embeddable":true,"href":"https:\/\/lucacastelli.com\/fr\/wp-json\/wp\/v2\/product_tag?post=624408"}],"curies":[{"name":"wp","href":"https:\/\/api.w.org\/{rel}","templated":true}]}}