{"id":624400,"date":"2025-08-08T19:34:29","date_gmt":"2025-08-08T17:34:29","guid":{"rendered":"https:\/\/lucacastelli.com\/prodotto\/milwaukee-tct-scie-cloche-pour-metal\/"},"modified":"2025-08-08T19:34:29","modified_gmt":"2025-08-08T17:34:29","slug":"milwaukee-tct-scie-cloche-pour-metal","status":"publish","type":"product","link":"https:\/\/lucacastelli.com\/fr\/produit\/milwaukee-tct-scie-cloche-pour-metal\/","title":{"rendered":"Milwaukee TCT scie cloche pour m\u00e9tal"},"content":{"rendered":"<p>Scie cloche TCT 18mm-1pc<br \/>\nLa technologie des dents en carbure offre les meilleures performances, la meilleure vitesse et une dur\u00e9e de vie 10 fois plus longue que les scies cloches bi-m\u00e9tal standard. Les dents peuvent \u00e9galement \u00eatre r\u00e9aff\u00fbt\u00e9es;Profondeur de coupe de 25 mm pour percer \u00e0 la fois les t\u00f4les et les tuyaux;La conception de la scie cloche en une seule pi\u00e8ce r\u00e9duit les oscillations et les vibrations pour un per\u00e7age pr\u00e9cis;La couronne de profondeur emp\u00eache le surper\u00e7age assurant une s\u00e9curit\u00e9 maximale;La m\u00e8che pilote \u00e0 ressort permet d&#8217;\u00e9jecter les r\u00e9sidus de m\u00e9tal sans avoir besoin d&#8217;outils suppl\u00e9mentaires;La conception de la tige \u00e0 trois c\u00f4t\u00e9s emp\u00eache la scie cloche de glisser dans le mandrin et assure un couple maximal. Convient \u00e0 tous les mandrins de per\u00e7age de 13 mm;M\u00e8che pilote et ressort rempla\u00e7ables;L&#8217;utilisation d&#8217;un lubrifiant r\u00e9frig\u00e9rant prolonge la dur\u00e9e de vie de la scie cloche;Convient au per\u00e7age de l&#8217;acier (&lt;1200 N\/mm\u00b2) jusqu&#8217;\u00e0 4 mm, de l&#8217;acier inoxydable jusqu&#8217;\u00e0 2 mm, de l&#8217;aluminium, du zinc, de la fonte, du cuivre, de la fibre de verre et du PVC.  <\/p>\n<p>4932479034<br \/>\n4058546368289<\/p>\n","protected":false},"excerpt":{"rendered":"<p>Scie \u00e0 guichet TCT 18mm-1pc<\/p>\n","protected":false},"featured_media":542747,"template":"","meta":{"_seopress_robots_primary_cat":"","_seopress_titles_title":"","_seopress_titles_desc":"","_seopress_robots_index":""},"product_brand":[3407],"product_cat":[29,514,550],"product_tag":[3270],"class_list":{"0":"post-624400","1":"product","2":"type-product","3":"status-publish","4":"has-post-thumbnail","6":"product_brand-milwaukee","7":"product_cat-macchinari","8":"product_cat-altri-dispositivi","9":"product_cat-accessori-per-trapani-ed-avvitatori","10":"product_tag-import-milwau","11":"sws-conto-ricavi-merci-rivendita-macchinari-fr","12":"sws-gruppo-iva-iva81-fr","14":"first","15":"onbackorder","16":"sale","17":"shipping-taxable","18":"purchasable","19":"product-type-simple"},"_links":{"self":[{"href":"https:\/\/lucacastelli.com\/fr\/wp-json\/wp\/v2\/product\/624400","targetHints":{"allow":["GET"]}}],"collection":[{"href":"https:\/\/lucacastelli.com\/fr\/wp-json\/wp\/v2\/product"}],"about":[{"href":"https:\/\/lucacastelli.com\/fr\/wp-json\/wp\/v2\/types\/product"}],"wp:featuredmedia":[{"embeddable":true,"href":"https:\/\/lucacastelli.com\/fr\/wp-json\/wp\/v2\/media\/542747"}],"wp:attachment":[{"href":"https:\/\/lucacastelli.com\/fr\/wp-json\/wp\/v2\/media?parent=624400"}],"wp:term":[{"taxonomy":"product_brand","embeddable":true,"href":"https:\/\/lucacastelli.com\/fr\/wp-json\/wp\/v2\/product_brand?post=624400"},{"taxonomy":"product_cat","embeddable":true,"href":"https:\/\/lucacastelli.com\/fr\/wp-json\/wp\/v2\/product_cat?post=624400"},{"taxonomy":"product_tag","embeddable":true,"href":"https:\/\/lucacastelli.com\/fr\/wp-json\/wp\/v2\/product_tag?post=624400"}],"curies":[{"name":"wp","href":"https:\/\/api.w.org\/{rel}","templated":true}]}}