{"id":624373,"date":"2025-08-09T11:25:31","date_gmt":"2025-08-09T09:25:31","guid":{"rendered":"https:\/\/lucacastelli.com\/prodotto\/milwaukee-meches-multi-materiaux-11\/"},"modified":"2025-08-09T11:25:31","modified_gmt":"2025-08-09T09:25:31","slug":"milwaukee-meches-multi-materiaux-11","status":"publish","type":"product","link":"https:\/\/lucacastelli.com\/fr\/produit\/milwaukee-meches-multi-materiaux-11\/","title":{"rendered":"Milwaukee M\u00e8ches multi-mat\u00e9riaux"},"content":{"rendered":"<p>MIT MULTIMATERIEL 5X100 MM -1pcs<br \/>\nCon\u00e7u pour \u00eatre utilis\u00e9 avec les cl\u00e9s \u00e0 chocs et les perceuses\/visseuses;Le tranchant en carbure de tungst\u00e8ne (TCT) permet de percer le b\u00e9ton, les briques, les tuiles, les blocs de b\u00e9ton, le m\u00e9tal fin, les carreaux de c\u00e9ramique moyennement souples, tous les types de bois et le PVC;Rainure blanche pour faciliter l&#8217;identification<\/p>\n<p>4932471093<br \/>\n4058546287214<\/p>\n","protected":false},"excerpt":{"rendered":"<p>Pointe multi-mat\u00e9riaux 5X100 MM -1pcs<\/p>\n","protected":false},"featured_media":530717,"template":"","meta":{"_seopress_robots_primary_cat":"","_seopress_titles_title":"","_seopress_titles_desc":"","_seopress_robots_index":""},"product_brand":[3658],"product_cat":[167,1453,1552,1555],"product_tag":[3273],"class_list":{"0":"post-624373","1":"product","2":"type-product","3":"status-publish","4":"has-post-thumbnail","6":"product_brand-milwaukee-fr","7":"product_cat-machines","8":"product_cat-autres-appareils","9":"product_cat-perceuses-et-tournevis","10":"product_cat-accessoires-pour-perceuses-et-tournevis","11":"product_tag-import-milwau-fr","12":"sws-conto-ricavi-merci-rivendita-macchinari-fr","13":"sws-gruppo-iva-iva81-fr","15":"first","16":"onbackorder","17":"sale","18":"shipping-taxable","19":"purchasable","20":"product-type-simple"},"_links":{"self":[{"href":"https:\/\/lucacastelli.com\/fr\/wp-json\/wp\/v2\/product\/624373","targetHints":{"allow":["GET"]}}],"collection":[{"href":"https:\/\/lucacastelli.com\/fr\/wp-json\/wp\/v2\/product"}],"about":[{"href":"https:\/\/lucacastelli.com\/fr\/wp-json\/wp\/v2\/types\/product"}],"wp:featuredmedia":[{"embeddable":true,"href":"https:\/\/lucacastelli.com\/fr\/wp-json\/wp\/v2\/media\/530717"}],"wp:attachment":[{"href":"https:\/\/lucacastelli.com\/fr\/wp-json\/wp\/v2\/media?parent=624373"}],"wp:term":[{"taxonomy":"product_brand","embeddable":true,"href":"https:\/\/lucacastelli.com\/fr\/wp-json\/wp\/v2\/product_brand?post=624373"},{"taxonomy":"product_cat","embeddable":true,"href":"https:\/\/lucacastelli.com\/fr\/wp-json\/wp\/v2\/product_cat?post=624373"},{"taxonomy":"product_tag","embeddable":true,"href":"https:\/\/lucacastelli.com\/fr\/wp-json\/wp\/v2\/product_tag?post=624373"}],"curies":[{"name":"wp","href":"https:\/\/api.w.org\/{rel}","templated":true}]}}