{"id":624350,"date":"2025-08-09T11:20:27","date_gmt":"2025-08-09T09:20:27","guid":{"rendered":"https:\/\/lucacastelli.com\/prodotto\/scie-a-ruban-milwaukee-2\/"},"modified":"2026-04-15T11:53:07","modified_gmt":"2026-04-15T09:53:07","slug":"scie-a-ruban-milwaukee-2","status":"publish","type":"product","link":"https:\/\/lucacastelli.com\/fr\/produit\/scie-a-ruban-milwaukee-2\/","title":{"rendered":"MILWAUKEE Scie \u00e0 ruban"},"content":{"rendered":"<p>M18 FBS127DO-0C \/ SCIES \u00c0 RUBAN<br \/>\nActivation \u00e0 double g\u00e2chette : n\u00e9cessite que l&#8217;utilisateur ait toujours les deux mains sur l&#8217;outil et s&#8217;\u00e9teint automatiquement lorsqu&#8217;une main est retir\u00e9e ; Contr\u00f4le maximal pour tout mat\u00e9riau, mode de vitesse \u00e0 4 niveaux et g\u00e2chette \u00e0 vitesse variable, id\u00e9al pour travailler avec l&#8217;acier inoxydable et l&#8217;aluminium ; Le syst\u00e8me ONE-KEY\u2122 Tracking &amp; Security offre gratuitement un service de suivi et de gestion d&#8217;inventaire bas\u00e9 sur le cloud, disposant \u00e9galement de fonctionnalit\u00e9s de verrouillage \u00e0 distance ; Technologie Cut-stop, l&#8217;outil s&#8217;\u00e9teint automatiquement apr\u00e8s la coupe pour une s\u00e9curit\u00e9 accrue de l&#8217;utilisateur ; Grande capacit\u00e9 de coupe jusqu&#8217;\u00e0 127 x 127 mm ; Le prot\u00e8ge-lame int\u00e9gr\u00e9 prot\u00e8ge l&#8217;utilisateur contre d&#8217;\u00e9ventuelles blessures en emp\u00eachant l&#8217;acc\u00e8s \u00e0 la lame ; Seconde g\u00e2chette int\u00e9gr\u00e9e dans la poign\u00e9e sup\u00e9rieure ; M\u00e9canisme de verrouillage de lame sans outil pour un changement rapide et simple ; Semelle verrouillable ; Crochet m\u00e9tallique robuste pour poutres pour un rangement rapide et facile sur chantier ; Design compact du moteur et \u00e9clairage LED de la surface de travail pour une meilleure visibilit\u00e9 de la coupe ; La technologie FUEL\u2122 red\u00e9finit les outils \u00e9lectroportatifs sans fil. Le moteur brushless, l&#8217;\u00e9lectronique REDLINK PLUS\u2122 et le pack batterie REDLITHIUM\u2122 offrent des performances et une durabilit\u00e9 sup\u00e9rieures ; Fonctionne avec toutes les batteries M18\u2122 MILWAUKEE\u00ae <\/p>\n<p>4933498311<br \/>\n4058546521806<\/p>\n","protected":false},"excerpt":{"rendered":"<p>M18 FBS127DO-0C \/ SCIES \u00c0 RUBAN<\/p>\n","protected":false},"featured_media":589787,"template":"","meta":{"_seopress_robots_primary_cat":"","_seopress_titles_title":"","_seopress_titles_desc":"","_seopress_robots_index":""},"product_brand":[3407],"product_cat":[29,514,558],"product_tag":[3270],"class_list":{"0":"post-624350","1":"product","2":"type-product","3":"status-publish","4":"has-post-thumbnail","6":"product_brand-milwaukee","7":"product_cat-macchinari","8":"product_cat-altri-dispositivi","9":"product_cat-seghe-accessori-vari","10":"product_tag-import-milwau","11":"sws-conto-ricavi-merci-rivendita-macchinari-fr","12":"sws-gruppo-iva-iva81-fr","14":"first","15":"onbackorder","16":"sale","17":"shipping-taxable","18":"purchasable","19":"product-type-simple"},"_links":{"self":[{"href":"https:\/\/lucacastelli.com\/fr\/wp-json\/wp\/v2\/product\/624350","targetHints":{"allow":["GET"]}}],"collection":[{"href":"https:\/\/lucacastelli.com\/fr\/wp-json\/wp\/v2\/product"}],"about":[{"href":"https:\/\/lucacastelli.com\/fr\/wp-json\/wp\/v2\/types\/product"}],"wp:featuredmedia":[{"embeddable":true,"href":"https:\/\/lucacastelli.com\/fr\/wp-json\/wp\/v2\/media\/589787"}],"wp:attachment":[{"href":"https:\/\/lucacastelli.com\/fr\/wp-json\/wp\/v2\/media?parent=624350"}],"wp:term":[{"taxonomy":"product_brand","embeddable":true,"href":"https:\/\/lucacastelli.com\/fr\/wp-json\/wp\/v2\/product_brand?post=624350"},{"taxonomy":"product_cat","embeddable":true,"href":"https:\/\/lucacastelli.com\/fr\/wp-json\/wp\/v2\/product_cat?post=624350"},{"taxonomy":"product_tag","embeddable":true,"href":"https:\/\/lucacastelli.com\/fr\/wp-json\/wp\/v2\/product_tag?post=624350"}],"curies":[{"name":"wp","href":"https:\/\/api.w.org\/{rel}","templated":true}]}}