{"id":624338,"date":"2025-08-09T11:20:26","date_gmt":"2025-08-09T09:20:26","guid":{"rendered":"https:\/\/lucacastelli.com\/prodotto\/scie-a-ruban-milwaukee\/"},"modified":"2025-08-09T11:20:26","modified_gmt":"2025-08-09T09:20:26","slug":"scie-a-ruban-milwaukee","status":"publish","type":"product","link":"https:\/\/lucacastelli.com\/fr\/produit\/scie-a-ruban-milwaukee\/","title":{"rendered":"Scie \u00e0 ruban MILWAUKEE"},"content":{"rendered":"<p>BS 125\/ BELT SAWS<br \/>\nPuissant moteur de 1100W pour des performances \u00e9lev\u00e9es et une grande durabilit\u00e9;Grande capacit\u00e9 de coupe jusqu&#8217;\u00e0 125 x 125 mm;S\u00e9lecteur \u00e0 4 vitesses permettant de s\u00e9lectionner entre 0 et 116 m\/min;Vitesse constante m\u00eame sous charge;Embrayage de s\u00e9curit\u00e9 prot\u00e9geant l&#8217;op\u00e9rateur et l&#8217;outil contre les rebonds;Moteur compact et \u00e9clairage LED pour une visibilit\u00e9 optimale de la zone de coupe;D\u00e9blocage rapide de la lame pour un changement rapide;Plaque de base r\u00e9glable sans outil<\/p>\n<p>4933448245<br \/>\n4002395262830<\/p>\n","protected":false},"excerpt":{"rendered":"<p>BS 125\/SCIES \u00c0 RUBAN<\/p>\n","protected":false},"featured_media":570913,"template":"","meta":{"_seopress_robots_primary_cat":"","_seopress_titles_title":"","_seopress_titles_desc":"","_seopress_robots_index":""},"product_brand":[3407],"product_cat":[29,514,558],"product_tag":[3270],"class_list":{"0":"post-624338","1":"product","2":"type-product","3":"status-publish","4":"has-post-thumbnail","6":"product_brand-milwaukee","7":"product_cat-macchinari","8":"product_cat-altri-dispositivi","9":"product_cat-seghe-accessori-vari","10":"product_tag-import-milwau","11":"sws-conto-ricavi-merci-rivendita-macchinari-fr","12":"sws-gruppo-iva-iva81-fr","14":"first","15":"onbackorder","16":"sale","17":"shipping-taxable","18":"purchasable","19":"product-type-simple"},"_links":{"self":[{"href":"https:\/\/lucacastelli.com\/fr\/wp-json\/wp\/v2\/product\/624338","targetHints":{"allow":["GET"]}}],"collection":[{"href":"https:\/\/lucacastelli.com\/fr\/wp-json\/wp\/v2\/product"}],"about":[{"href":"https:\/\/lucacastelli.com\/fr\/wp-json\/wp\/v2\/types\/product"}],"wp:featuredmedia":[{"embeddable":true,"href":"https:\/\/lucacastelli.com\/fr\/wp-json\/wp\/v2\/media\/570913"}],"wp:attachment":[{"href":"https:\/\/lucacastelli.com\/fr\/wp-json\/wp\/v2\/media?parent=624338"}],"wp:term":[{"taxonomy":"product_brand","embeddable":true,"href":"https:\/\/lucacastelli.com\/fr\/wp-json\/wp\/v2\/product_brand?post=624338"},{"taxonomy":"product_cat","embeddable":true,"href":"https:\/\/lucacastelli.com\/fr\/wp-json\/wp\/v2\/product_cat?post=624338"},{"taxonomy":"product_tag","embeddable":true,"href":"https:\/\/lucacastelli.com\/fr\/wp-json\/wp\/v2\/product_tag?post=624338"}],"curies":[{"name":"wp","href":"https:\/\/api.w.org\/{rel}","templated":true}]}}