{"id":624330,"date":"2025-08-09T11:20:23","date_gmt":"2025-08-09T09:20:23","guid":{"rendered":"https:\/\/lucacastelli.com\/prodotto\/scie-circulaire-milwaukee-2\/"},"modified":"2025-08-09T11:20:23","modified_gmt":"2025-08-09T09:20:23","slug":"scie-circulaire-milwaukee-2","status":"publish","type":"product","link":"https:\/\/lucacastelli.com\/fr\/produit\/scie-circulaire-milwaukee-2\/","title":{"rendered":"Scie circulaire MILWAUKEE"},"content":{"rendered":"<p>M18 FCS66GR3-121C \/ SCIES CIRCULAIRES<br \/>\nLa scie circulaire M18 FUEL offre la puissance n\u00e9cessaire pour effectuer des coupes profondes et maintenir 6 000 tours\/minute pendant toute la dur\u00e9e de la coupe. Gr\u00e2ce \u00e0 la technologie FORGE\u2122 int\u00e9gr\u00e9e \u00e0 cette scie, il est possible de couper jusqu&#8217;\u00e0 700 b\u00fbches de pin de 90 mm x 45 mm avec une charge de batterie de 12,0 Ah ou 64 m\u00e8tres lin\u00e9aires de planches de pin de 42 mm d&#8217;\u00e9paisseur ;Lame de 190 mm qui offre une profondeur de coupe de 68 mm, ce qui permet \u00e0 la scie de couper des planches OSB de 22 mm qui se chevauchent ;Base en magn\u00e9sium compatible avec les rails parall\u00e8les Milwaukee\u00ae. Cela permet \u00e0 l&#8217;utilisateur de r\u00e9aliser des coupes droites et pr\u00e9cises tout en minimisant le temps d&#8217;installation;Crochet en m\u00e9tal;Comprend l&#8217;adaptateur DEK26 pour connecter la scie directement aux aspirateurs Milwaukee;Lumi\u00e8re LED pour \u00e9clairer la surface de travail;Jet d&#8217;air pour garder la surface de travail propre;Peut \u00eatre inclin\u00e9e jusqu&#8217;\u00e0 50 degr\u00e9s;Optimis\u00e9e pour une utilisation avec les batteries FORGE\u2122;La technologie FUEL red\u00e9finit les outils \u00e9lectriques sans fil. Le moteur sans balais, l&#8217;\u00e9lectronique REDLINK PLUS\u2122 et le bloc-batterie REDLITHIUM\u2122 offrent des performances et une durabilit\u00e9 sup\u00e9rieures;Fonctionne avec toutes les batteries M18 Milwaukee.   <\/p>\n<p>4933493492<br \/>\n4058546483630<\/p>\n","protected":false},"excerpt":{"rendered":"<p>M18 FCS66GR3-121C \/ SCIES CIRCULAIRES<\/p>\n","protected":false},"featured_media":589859,"template":"","meta":{"_seopress_robots_primary_cat":"","_seopress_titles_title":"","_seopress_titles_desc":"","_seopress_robots_index":""},"product_brand":[3407],"product_cat":[29,514,558],"product_tag":[3270],"class_list":{"0":"post-624330","1":"product","2":"type-product","3":"status-publish","4":"has-post-thumbnail","6":"product_brand-milwaukee","7":"product_cat-macchinari","8":"product_cat-altri-dispositivi","9":"product_cat-seghe-accessori-vari","10":"product_tag-import-milwau","11":"sws-conto-ricavi-merci-rivendita-macchinari-fr","12":"sws-gruppo-iva-iva81-fr","14":"first","15":"onbackorder","16":"sale","17":"shipping-taxable","18":"purchasable","19":"product-type-simple"},"_links":{"self":[{"href":"https:\/\/lucacastelli.com\/fr\/wp-json\/wp\/v2\/product\/624330","targetHints":{"allow":["GET"]}}],"collection":[{"href":"https:\/\/lucacastelli.com\/fr\/wp-json\/wp\/v2\/product"}],"about":[{"href":"https:\/\/lucacastelli.com\/fr\/wp-json\/wp\/v2\/types\/product"}],"wp:featuredmedia":[{"embeddable":true,"href":"https:\/\/lucacastelli.com\/fr\/wp-json\/wp\/v2\/media\/589859"}],"wp:attachment":[{"href":"https:\/\/lucacastelli.com\/fr\/wp-json\/wp\/v2\/media?parent=624330"}],"wp:term":[{"taxonomy":"product_brand","embeddable":true,"href":"https:\/\/lucacastelli.com\/fr\/wp-json\/wp\/v2\/product_brand?post=624330"},{"taxonomy":"product_cat","embeddable":true,"href":"https:\/\/lucacastelli.com\/fr\/wp-json\/wp\/v2\/product_cat?post=624330"},{"taxonomy":"product_tag","embeddable":true,"href":"https:\/\/lucacastelli.com\/fr\/wp-json\/wp\/v2\/product_tag?post=624330"}],"curies":[{"name":"wp","href":"https:\/\/api.w.org\/{rel}","templated":true}]}}