{"id":624327,"date":"2025-08-09T11:19:53","date_gmt":"2025-08-09T09:19:53","guid":{"rendered":"https:\/\/lucacastelli.com\/prodotto\/milwaukee-scie-circulaire-235-mm\/"},"modified":"2025-08-09T11:19:53","modified_gmt":"2025-08-09T09:19:53","slug":"milwaukee-scie-circulaire-235-mm","status":"publish","type":"product","link":"https:\/\/lucacastelli.com\/fr\/produit\/milwaukee-scie-circulaire-235-mm\/","title":{"rendered":"Milwaukee Scie circulaire 235 mm"},"content":{"rendered":"<p>CS 85 SB\/Scies circulaires<br \/>\nMoteur de 2 200 W pour une coupe douce m\u00eame \u00e0 la profondeur maximale ;D\u00e9marrage progressif;Compatible avec l&#8217;accessoire d&#8217;aspiration DEK26;Acc\u00e8s rapide et facile pour le remplacement du c\u00e2ble;Patin en aluminium;Verrouillage de l&#8217;arbre pour un remplacement rapide et facile de la lame<\/p>\n<p>4933451117<br \/>\n4002395137411<\/p>\n","protected":false},"excerpt":{"rendered":"<p>CS 85 SB\/SCIES CIRCULAIRES<\/p>\n","protected":false},"featured_media":571185,"template":"","meta":{"_seopress_robots_primary_cat":"","_seopress_titles_title":"","_seopress_titles_desc":"","_seopress_robots_index":""},"product_brand":[3658],"product_cat":[1453,167,1534],"product_tag":[3273],"class_list":{"0":"post-624327","1":"product","2":"type-product","3":"status-publish","4":"has-post-thumbnail","6":"product_brand-milwaukee-fr","7":"product_cat-autres-appareils","8":"product_cat-machines","9":"product_cat-scies","10":"product_tag-import-milwau-fr","11":"sws-conto-ricavi-merci-rivendita-macchinari-fr","12":"sws-gruppo-iva-iva81-fr","14":"first","15":"onbackorder","16":"sale","17":"shipping-taxable","18":"purchasable","19":"product-type-simple"},"_links":{"self":[{"href":"https:\/\/lucacastelli.com\/fr\/wp-json\/wp\/v2\/product\/624327","targetHints":{"allow":["GET"]}}],"collection":[{"href":"https:\/\/lucacastelli.com\/fr\/wp-json\/wp\/v2\/product"}],"about":[{"href":"https:\/\/lucacastelli.com\/fr\/wp-json\/wp\/v2\/types\/product"}],"wp:featuredmedia":[{"embeddable":true,"href":"https:\/\/lucacastelli.com\/fr\/wp-json\/wp\/v2\/media\/571185"}],"wp:attachment":[{"href":"https:\/\/lucacastelli.com\/fr\/wp-json\/wp\/v2\/media?parent=624327"}],"wp:term":[{"taxonomy":"product_brand","embeddable":true,"href":"https:\/\/lucacastelli.com\/fr\/wp-json\/wp\/v2\/product_brand?post=624327"},{"taxonomy":"product_cat","embeddable":true,"href":"https:\/\/lucacastelli.com\/fr\/wp-json\/wp\/v2\/product_cat?post=624327"},{"taxonomy":"product_tag","embeddable":true,"href":"https:\/\/lucacastelli.com\/fr\/wp-json\/wp\/v2\/product_tag?post=624327"}],"curies":[{"name":"wp","href":"https:\/\/api.w.org\/{rel}","templated":true}]}}