{"id":624321,"date":"2025-08-09T11:19:52","date_gmt":"2025-08-09T09:19:52","guid":{"rendered":"https:\/\/lucacastelli.com\/prodotto\/milwaukee-scie-circulaire-235-mm-compatible-avec-le-guide-parallele\/"},"modified":"2025-08-09T11:19:52","modified_gmt":"2025-08-09T09:19:52","slug":"milwaukee-scie-circulaire-235-mm-compatible-avec-le-guide-parallele","status":"publish","type":"product","link":"https:\/\/lucacastelli.com\/fr\/produit\/milwaukee-scie-circulaire-235-mm-compatible-avec-le-guide-parallele\/","title":{"rendered":"Milwaukee Scie circulaire 235 mm &#8211; compatible avec le guide parall\u00e8le"},"content":{"rendered":"<p>CS 85 CBE\/SOCES CIRCULAIRES<br \/>\nMoteur de 2 200 W pour une coupe en douceur m\u00eame \u00e0 la profondeur maximale;Capacit\u00e9 d&#8217;inclinaison maximale de 60\u00b0;\u00c9quip\u00e9e d&#8217;un couteau s\u00e9parateur r\u00e9tractable qui permet de r\u00e9aliser des coupes par immersion;Compatible avec le guide parall\u00e8le;D\u00e9marrage progressif;Frein moteur qui arr\u00eate la scie circulaire en 3,5 secondes;Guide lat\u00e9ral \u00e0 double verrouillage, pour une plus grande pr\u00e9cision;Compatible avec l&#8217;accessoire d&#8217;aspiration DEK26;Acc\u00e8s rapide et facile pour le remplacement du c\u00e2ble<\/p>\n<p>4933451116<\/p>\n","protected":false},"excerpt":{"rendered":"<p>CS 85 CBE\/SCIES CIRCULAIRES<\/p>\n","protected":false},"featured_media":571128,"template":"","meta":{"_seopress_robots_primary_cat":"","_seopress_titles_title":"","_seopress_titles_desc":"","_seopress_robots_index":""},"product_brand":[3407],"product_cat":[29,514,558],"product_tag":[3270],"class_list":{"0":"post-624321","1":"product","2":"type-product","3":"status-publish","4":"has-post-thumbnail","6":"product_brand-milwaukee","7":"product_cat-macchinari","8":"product_cat-altri-dispositivi","9":"product_cat-seghe-accessori-vari","10":"product_tag-import-milwau","11":"sws-conto-ricavi-merci-rivendita-macchinari-fr","12":"sws-gruppo-iva-iva81-fr","14":"first","15":"onbackorder","16":"sale","17":"shipping-taxable","18":"purchasable","19":"product-type-simple"},"_links":{"self":[{"href":"https:\/\/lucacastelli.com\/fr\/wp-json\/wp\/v2\/product\/624321","targetHints":{"allow":["GET"]}}],"collection":[{"href":"https:\/\/lucacastelli.com\/fr\/wp-json\/wp\/v2\/product"}],"about":[{"href":"https:\/\/lucacastelli.com\/fr\/wp-json\/wp\/v2\/types\/product"}],"wp:featuredmedia":[{"embeddable":true,"href":"https:\/\/lucacastelli.com\/fr\/wp-json\/wp\/v2\/media\/571128"}],"wp:attachment":[{"href":"https:\/\/lucacastelli.com\/fr\/wp-json\/wp\/v2\/media?parent=624321"}],"wp:term":[{"taxonomy":"product_brand","embeddable":true,"href":"https:\/\/lucacastelli.com\/fr\/wp-json\/wp\/v2\/product_brand?post=624321"},{"taxonomy":"product_cat","embeddable":true,"href":"https:\/\/lucacastelli.com\/fr\/wp-json\/wp\/v2\/product_cat?post=624321"},{"taxonomy":"product_tag","embeddable":true,"href":"https:\/\/lucacastelli.com\/fr\/wp-json\/wp\/v2\/product_tag?post=624321"}],"curies":[{"name":"wp","href":"https:\/\/api.w.org\/{rel}","templated":true}]}}