{"id":624319,"date":"2025-08-09T11:19:50","date_gmt":"2025-08-09T09:19:50","guid":{"rendered":"https:\/\/lucacastelli.com\/prodotto\/milwaukee-scie-circulaire-55-mm-pour-le-bois-m18-fuel-3\/"},"modified":"2025-08-09T11:19:50","modified_gmt":"2025-08-09T09:19:50","slug":"milwaukee-scie-circulaire-55-mm-pour-le-bois-m18-fuel-3","status":"publish","type":"product","link":"https:\/\/lucacastelli.com\/fr\/produit\/milwaukee-scie-circulaire-55-mm-pour-le-bois-m18-fuel-3\/","title":{"rendered":"Milwaukee Scie circulaire 55 mm pour le bois M18 FUEL"},"content":{"rendered":"<p>M18 FCS552-0X\/SECES CIRCULAIRES<br \/>\nLa scie circulaire M18 FUEL g\u00e9n\u00e8re la m\u00eame puissance qu&#8217;une scie \u00e0 fil avec les m\u00eames caract\u00e9ristiques. Elle coupe jusqu&#8217;\u00e0 200 pi\u00e8ces de pin de 90 x 45 mm avec une puissance de 3.0 Ah HIGH OUTPUT\u2122 battery;Le support en magn\u00e9sium r\u00e9duit le poids et maximise la r\u00e9sistance;Crochet de support en m\u00e9tal;Utilise des lames de 165 mm avec une profondeur de coupe de 57 mm te permettant de couper trois pi\u00e8ces de contreplaqu\u00e9 de 3&#215;18 mm, l&#8217;une sur l&#8217;autre ;Fournie avec l&#8217;adaptateur DEK26 pour pouvoir la raccorder aux aspirateurs de la gamme Milwaukee;LED int\u00e9gr\u00e9e pour \u00e9clairer le plan de travail;Un jet d&#8217;air permet de garder la surface de coupe propre;Coupe \u00e0 des angles allant jusqu&#8217;\u00e0 50 degr\u00e9s;La technologie FUEL red\u00e9finit les outils \u00e9lectriques sans fil. Le moteur sans balais, l&#8217;\u00e9lectronique REDLINK PLUS\u2122 et la batterie REDLITHIUM\u2122 offrent des performances et une durabilit\u00e9 sup\u00e9rieures;Fonctionne avec toutes les batteries M18 Milwaukee.  <\/p>\n<p>4933493588<br \/>\n4058546484590<\/p>\n","protected":false},"excerpt":{"rendered":"<p>M18 FCS552-0X\/SCIES CIRCULAIRES<\/p>\n","protected":false},"featured_media":586282,"template":"","meta":{"_seopress_robots_primary_cat":"","_seopress_titles_title":"","_seopress_titles_desc":"","_seopress_robots_index":""},"product_brand":[3407],"product_cat":[29,514,558],"product_tag":[3270],"class_list":{"0":"post-624319","1":"product","2":"type-product","3":"status-publish","4":"has-post-thumbnail","6":"product_brand-milwaukee","7":"product_cat-macchinari","8":"product_cat-altri-dispositivi","9":"product_cat-seghe-accessori-vari","10":"product_tag-import-milwau","11":"sws-conto-ricavi-merci-rivendita-macchinari-fr","12":"sws-gruppo-iva-iva81-fr","14":"first","15":"onbackorder","16":"sale","17":"shipping-taxable","18":"purchasable","19":"product-type-simple"},"_links":{"self":[{"href":"https:\/\/lucacastelli.com\/fr\/wp-json\/wp\/v2\/product\/624319","targetHints":{"allow":["GET"]}}],"collection":[{"href":"https:\/\/lucacastelli.com\/fr\/wp-json\/wp\/v2\/product"}],"about":[{"href":"https:\/\/lucacastelli.com\/fr\/wp-json\/wp\/v2\/types\/product"}],"wp:featuredmedia":[{"embeddable":true,"href":"https:\/\/lucacastelli.com\/fr\/wp-json\/wp\/v2\/media\/586282"}],"wp:attachment":[{"href":"https:\/\/lucacastelli.com\/fr\/wp-json\/wp\/v2\/media?parent=624319"}],"wp:term":[{"taxonomy":"product_brand","embeddable":true,"href":"https:\/\/lucacastelli.com\/fr\/wp-json\/wp\/v2\/product_brand?post=624319"},{"taxonomy":"product_cat","embeddable":true,"href":"https:\/\/lucacastelli.com\/fr\/wp-json\/wp\/v2\/product_cat?post=624319"},{"taxonomy":"product_tag","embeddable":true,"href":"https:\/\/lucacastelli.com\/fr\/wp-json\/wp\/v2\/product_tag?post=624319"}],"curies":[{"name":"wp","href":"https:\/\/api.w.org\/{rel}","templated":true}]}}