{"id":624313,"date":"2025-08-09T11:19:49","date_gmt":"2025-08-09T09:19:49","guid":{"rendered":"https:\/\/lucacastelli.com\/prodotto\/scie-circulaire-milwaukee\/"},"modified":"2025-08-09T11:19:49","modified_gmt":"2025-08-09T09:19:49","slug":"scie-circulaire-milwaukee","status":"publish","type":"product","link":"https:\/\/lucacastelli.com\/fr\/produit\/scie-circulaire-milwaukee\/","title":{"rendered":"Scie circulaire MILWAUKEE"},"content":{"rendered":"<p>M18FCSRH662-0 SCIE CIRCULAIRE BATT.<br \/>\nLa lame de 190 mm offre une profondeur de coupe de 68 mm, ce qui permet \u00e0 la scie de couper 3 panneaux OSB empil\u00e9s;La construction en magn\u00e9sium r\u00e9duit le poids et maximise la durabilit\u00e9;La scie circulaire \u00e0 poign\u00e9e arri\u00e8re avec lame \u00e0 poign\u00e9e gauche permet \u00e0 l&#8217;utilisateur d&#8217;avoir une excellente visibilit\u00e9 de la ligne de coupe;L&#8217;adaptateur DEK26 inclus s&#8217;adapte directement \u00e0 tous les aspirateurs Milwaukee;Crochet en m\u00e9tal pour suspendre la scie en toute s\u00e9curit\u00e9.Lumi\u00e8re LED int\u00e9gr\u00e9e pour \u00e9clairer la surface de travail;Jet d&#8217;air pour garder la ligne de coupe propre;Capacit\u00e9 de coupe jusqu&#8217;\u00e0 57 degr\u00e9s;Optimis\u00e9e pour une utilisation avec les batteries FORGE\u2122;La technologie FUEL red\u00e9finit les outils \u00e9lectriques sans fil Le moteur sans balais, l&#8217;\u00e9lectronique REDLINK PLUS\u2122 et le bloc-batterie REDLITHIUM\u2122 offrent des performances et une durabilit\u00e9 sup\u00e9rieures;Fonctionne avec toutes les batteries MILWAUKEEE\u00ae M18.<\/p>\n<p>4933498992<br \/>\n4058546528614<\/p>\n","protected":false},"excerpt":{"rendered":"<p>M18FCSRH662-0 SCIE CIRCULAIRE BATT.<\/p>\n","protected":false},"featured_media":588881,"template":"","meta":{"_seopress_robots_primary_cat":"","_seopress_titles_title":"","_seopress_titles_desc":"","_seopress_robots_index":""},"product_brand":[3407],"product_cat":[29,514,558],"product_tag":[3270],"class_list":{"0":"post-624313","1":"product","2":"type-product","3":"status-publish","4":"has-post-thumbnail","6":"product_brand-milwaukee","7":"product_cat-macchinari","8":"product_cat-altri-dispositivi","9":"product_cat-seghe-accessori-vari","10":"product_tag-import-milwau","11":"sws-conto-ricavi-merci-rivendita-macchinari-fr","12":"sws-gruppo-iva-iva81-fr","14":"first","15":"onbackorder","16":"sale","17":"shipping-taxable","18":"purchasable","19":"product-type-simple"},"_links":{"self":[{"href":"https:\/\/lucacastelli.com\/fr\/wp-json\/wp\/v2\/product\/624313","targetHints":{"allow":["GET"]}}],"collection":[{"href":"https:\/\/lucacastelli.com\/fr\/wp-json\/wp\/v2\/product"}],"about":[{"href":"https:\/\/lucacastelli.com\/fr\/wp-json\/wp\/v2\/types\/product"}],"wp:featuredmedia":[{"embeddable":true,"href":"https:\/\/lucacastelli.com\/fr\/wp-json\/wp\/v2\/media\/588881"}],"wp:attachment":[{"href":"https:\/\/lucacastelli.com\/fr\/wp-json\/wp\/v2\/media?parent=624313"}],"wp:term":[{"taxonomy":"product_brand","embeddable":true,"href":"https:\/\/lucacastelli.com\/fr\/wp-json\/wp\/v2\/product_brand?post=624313"},{"taxonomy":"product_cat","embeddable":true,"href":"https:\/\/lucacastelli.com\/fr\/wp-json\/wp\/v2\/product_cat?post=624313"},{"taxonomy":"product_tag","embeddable":true,"href":"https:\/\/lucacastelli.com\/fr\/wp-json\/wp\/v2\/product_tag?post=624313"}],"curies":[{"name":"wp","href":"https:\/\/api.w.org\/{rel}","templated":true}]}}