{"id":624307,"date":"2025-08-09T11:19:48","date_gmt":"2025-08-09T09:19:48","guid":{"rendered":"https:\/\/lucacastelli.com\/prodotto\/milwaukee-m12-fuel-scie-circulaire-a-bois-compacte\/"},"modified":"2025-08-09T11:19:48","modified_gmt":"2025-08-09T09:19:48","slug":"milwaukee-m12-fuel-scie-circulaire-a-bois-compacte","status":"publish","type":"product","link":"https:\/\/lucacastelli.com\/fr\/produit\/milwaukee-m12-fuel-scie-circulaire-a-bois-compacte\/","title":{"rendered":"Milwaukee M12 FUEL Scie circulaire \u00e0 bois compacte"},"content":{"rendered":"<p>M12FCS442-502X SCIE CIRCULAIRE BATT.<br \/>\nMoteur sans balais POWERSTATE\u2122 repens\u00e9 pour augmenter les performances de 25 % en combinaison avec les batteries Milwaukee M12\u2122 HIGH OUTPUT\u2122;La base en magn\u00e9sium r\u00e9duit le poids et maximise la durabilit\u00e9;Jet d&#8217;air pour garder la ligne de coupe propre;Les lumi\u00e8res LED \u00e9clairent la surface de travail;Comprend l&#8217;adaptateur DEK26 \u00e0 assortir \u00e0 l&#8217;aspirateur pour un environnement de travail propre;La technologie FUEL red\u00e9finit les outils \u00e9lectriques sans fil. Le moteur sans balais, l&#8217;\u00e9lectronique REDLINK PLUS\u2122 et la batterie REDLITHIUM\u2122 offrent des performances et une durabilit\u00e9 sup\u00e9rieures;Fonctionne avec toutes les batteries M12\u2122 MILWAUKEEE\u00ae. <\/p>\n<p>4933493489<br \/>\n4058546483609<\/p>\n","protected":false},"excerpt":{"rendered":"<p>M12FCS442-502X SCIE CIRCULAIRE BATT.<\/p>\n","protected":false},"featured_media":585958,"template":"","meta":{"_seopress_robots_primary_cat":"","_seopress_titles_title":"","_seopress_titles_desc":"","_seopress_robots_index":""},"product_brand":[3658],"product_cat":[167,1453,1534],"product_tag":[3273],"class_list":{"0":"post-624307","1":"product","2":"type-product","3":"status-publish","4":"has-post-thumbnail","6":"product_brand-milwaukee-fr","7":"product_cat-machines","8":"product_cat-autres-appareils","9":"product_cat-scies","10":"product_tag-import-milwau-fr","11":"sws-conto-ricavi-merci-rivendita-macchinari-fr","12":"sws-gruppo-iva-iva81-fr","14":"first","15":"onbackorder","16":"sale","17":"shipping-taxable","18":"purchasable","19":"product-type-simple"},"_links":{"self":[{"href":"https:\/\/lucacastelli.com\/fr\/wp-json\/wp\/v2\/product\/624307","targetHints":{"allow":["GET"]}}],"collection":[{"href":"https:\/\/lucacastelli.com\/fr\/wp-json\/wp\/v2\/product"}],"about":[{"href":"https:\/\/lucacastelli.com\/fr\/wp-json\/wp\/v2\/types\/product"}],"wp:featuredmedia":[{"embeddable":true,"href":"https:\/\/lucacastelli.com\/fr\/wp-json\/wp\/v2\/media\/585958"}],"wp:attachment":[{"href":"https:\/\/lucacastelli.com\/fr\/wp-json\/wp\/v2\/media?parent=624307"}],"wp:term":[{"taxonomy":"product_brand","embeddable":true,"href":"https:\/\/lucacastelli.com\/fr\/wp-json\/wp\/v2\/product_brand?post=624307"},{"taxonomy":"product_cat","embeddable":true,"href":"https:\/\/lucacastelli.com\/fr\/wp-json\/wp\/v2\/product_cat?post=624307"},{"taxonomy":"product_tag","embeddable":true,"href":"https:\/\/lucacastelli.com\/fr\/wp-json\/wp\/v2\/product_tag?post=624307"}],"curies":[{"name":"wp","href":"https:\/\/api.w.org\/{rel}","templated":true}]}}