{"id":624306,"date":"2025-08-09T11:19:44","date_gmt":"2025-08-09T09:19:44","guid":{"rendered":"https:\/\/lucacastelli.com\/prodotto\/milwaukee-scie-circulaire-a-metaux\/"},"modified":"2025-08-09T11:19:44","modified_gmt":"2025-08-09T09:19:44","slug":"milwaukee-scie-circulaire-a-metaux","status":"publish","type":"product","link":"https:\/\/lucacastelli.com\/fr\/produit\/milwaukee-scie-circulaire-a-metaux\/","title":{"rendered":"Milwaukee Scie circulaire \u00e0 m\u00e9taux"},"content":{"rendered":"<p>MCS 66\/Scies circulaires<br \/>\nPuissant moteur de 1800 W, vitesse \u00e0 vide de 4000 tr\/min;La technologie de coupe \u00e0 sec du m\u00e9tal assure des coupes rapides, propres et s\u00fbres;Coupe l&#8217;acier, l&#8217;acier inoxydable, les panneaux d&#8217;isolation;Grande profondeur de coupe : 66 mm;Capot unique avec compartiment de r\u00e9cup\u00e9ration des copeaux, fen\u00eatre de contr\u00f4le du remplissage et ouverture rapide;Levier pour des coupes en plong\u00e9e rapides et efficaces<\/p>\n<p>4933440615<br \/>\n4002395000432<\/p>\n","protected":false},"excerpt":{"rendered":"<p>MCS 66\/SCIES CIRCULAIRES<\/p>\n","protected":false},"featured_media":569899,"template":"","meta":{"_seopress_robots_primary_cat":"","_seopress_titles_title":"","_seopress_titles_desc":"","_seopress_robots_index":""},"product_brand":[3407],"product_cat":[29,514,558],"product_tag":[3270],"class_list":{"0":"post-624306","1":"product","2":"type-product","3":"status-publish","4":"has-post-thumbnail","6":"product_brand-milwaukee","7":"product_cat-macchinari","8":"product_cat-altri-dispositivi","9":"product_cat-seghe-accessori-vari","10":"product_tag-import-milwau","11":"sws-conto-ricavi-merci-rivendita-macchinari-fr","12":"sws-gruppo-iva-iva81-fr","14":"first","15":"onbackorder","16":"sale","17":"shipping-taxable","18":"purchasable","19":"product-type-simple"},"_links":{"self":[{"href":"https:\/\/lucacastelli.com\/fr\/wp-json\/wp\/v2\/product\/624306","targetHints":{"allow":["GET"]}}],"collection":[{"href":"https:\/\/lucacastelli.com\/fr\/wp-json\/wp\/v2\/product"}],"about":[{"href":"https:\/\/lucacastelli.com\/fr\/wp-json\/wp\/v2\/types\/product"}],"wp:featuredmedia":[{"embeddable":true,"href":"https:\/\/lucacastelli.com\/fr\/wp-json\/wp\/v2\/media\/569899"}],"wp:attachment":[{"href":"https:\/\/lucacastelli.com\/fr\/wp-json\/wp\/v2\/media?parent=624306"}],"wp:term":[{"taxonomy":"product_brand","embeddable":true,"href":"https:\/\/lucacastelli.com\/fr\/wp-json\/wp\/v2\/product_brand?post=624306"},{"taxonomy":"product_cat","embeddable":true,"href":"https:\/\/lucacastelli.com\/fr\/wp-json\/wp\/v2\/product_cat?post=624306"},{"taxonomy":"product_tag","embeddable":true,"href":"https:\/\/lucacastelli.com\/fr\/wp-json\/wp\/v2\/product_tag?post=624306"}],"curies":[{"name":"wp","href":"https:\/\/api.w.org\/{rel}","templated":true}]}}