{"id":624303,"date":"2025-08-09T11:19:42","date_gmt":"2025-08-09T09:19:42","guid":{"rendered":"https:\/\/lucacastelli.com\/prodotto\/milwaukee-scie-droite-1100w\/"},"modified":"2025-08-09T11:19:42","modified_gmt":"2025-08-09T09:19:42","slug":"milwaukee-scie-droite-1100w","status":"publish","type":"product","link":"https:\/\/lucacastelli.com\/fr\/produit\/milwaukee-scie-droite-1100w\/","title":{"rendered":"Milwaukee Scie droite 1100W"},"content":{"rendered":"<p>SSD 1100 X\/scies droites<br \/>\nPuissant moteur de 1100W;M\u00e9canisme FIXTEC\u2122 pour un remplacement plus rapide et plus facile des lames sans outils;Protection frontale pour un travail s\u00fbr de l&#8217;op\u00e9rateur;Vitesse variable gr\u00e2ce \u00e0 un interrupteur;M\u00e9canisme coulissant \u00e0 longue dur\u00e9e de vie<\/p>\n<p>4933416710<br \/>\n4002395237623.<\/p>\n","protected":false},"excerpt":{"rendered":"<p>SSD 1100 X\/SCIES DROITES<\/p>\n","protected":false},"featured_media":569098,"template":"","meta":{"_seopress_robots_primary_cat":"","_seopress_titles_title":"","_seopress_titles_desc":"","_seopress_robots_index":""},"product_brand":[3658],"product_cat":[1453,167,1534],"product_tag":[3273],"class_list":{"0":"post-624303","1":"product","2":"type-product","3":"status-publish","4":"has-post-thumbnail","6":"product_brand-milwaukee-fr","7":"product_cat-autres-appareils","8":"product_cat-machines","9":"product_cat-scies","10":"product_tag-import-milwau-fr","11":"sws-conto-ricavi-merci-rivendita-macchinari-fr","12":"sws-gruppo-iva-iva81-fr","14":"first","15":"onbackorder","16":"sale","17":"shipping-taxable","18":"purchasable","19":"product-type-simple"},"_links":{"self":[{"href":"https:\/\/lucacastelli.com\/fr\/wp-json\/wp\/v2\/product\/624303","targetHints":{"allow":["GET"]}}],"collection":[{"href":"https:\/\/lucacastelli.com\/fr\/wp-json\/wp\/v2\/product"}],"about":[{"href":"https:\/\/lucacastelli.com\/fr\/wp-json\/wp\/v2\/types\/product"}],"wp:featuredmedia":[{"embeddable":true,"href":"https:\/\/lucacastelli.com\/fr\/wp-json\/wp\/v2\/media\/569098"}],"wp:attachment":[{"href":"https:\/\/lucacastelli.com\/fr\/wp-json\/wp\/v2\/media?parent=624303"}],"wp:term":[{"taxonomy":"product_brand","embeddable":true,"href":"https:\/\/lucacastelli.com\/fr\/wp-json\/wp\/v2\/product_brand?post=624303"},{"taxonomy":"product_cat","embeddable":true,"href":"https:\/\/lucacastelli.com\/fr\/wp-json\/wp\/v2\/product_cat?post=624303"},{"taxonomy":"product_tag","embeddable":true,"href":"https:\/\/lucacastelli.com\/fr\/wp-json\/wp\/v2\/product_tag?post=624303"}],"curies":[{"name":"wp","href":"https:\/\/api.w.org\/{rel}","templated":true}]}}