{"id":624300,"date":"2025-08-09T11:19:43","date_gmt":"2025-08-09T09:19:43","guid":{"rendered":"https:\/\/lucacastelli.com\/prodotto\/milwaukee-scie-droite\/"},"modified":"2025-08-09T11:19:43","modified_gmt":"2025-08-09T09:19:43","slug":"milwaukee-scie-droite","status":"publish","type":"product","link":"https:\/\/lucacastelli.com\/fr\/produit\/milwaukee-scie-droite\/","title":{"rendered":"MILWAUKEE Scie Droite"},"content":{"rendered":"<p>M18 FSX-801C \/ SCIES DROITES<br \/>\nLa super scie droite M18 FUEL offre la puissance n\u00e9cessaire pour couper \u00e0 la m\u00eame vitesse qu&#8217;une scie droite filaire \u00e9quivalente, avec une autonomie de 150 coupes de 290 mm x 45 mm sur une batterie de 12.0 Ah;Syst\u00e8me HIGH OUTPUT\u2122, \u00e9l\u00e8ve les performances et la port\u00e9e de la technologie M18 FUEL;L&#8217;action orbitale permet \u00e0 la scie d&#8217;\u00e9liminer les d\u00e9bris permettant une coupe plus rapide dans le bois;3000 SPM avec une course de 32 mm offre une coupe rapide et sans effort dans une large gamme de mat\u00e9riaux ;5 modes de coupe de 1500 SPM \u00e0 3000 SPM pour permettre d&#8217;utiliser la bonne vitesse en fonction du mat\u00e9riau \u00e0 couper;Pince lame FIXTEC\u2122 pour un changement de lame rapide et facile sans cl\u00e9;Crochet durable pour ranger l&#8217;outil;Base r\u00e9glable pour une utilisation optimis\u00e9e;Lumi\u00e8re LED int\u00e9gr\u00e9e pour \u00e9clairer la zone de travail;Fonctionne avec toutes les batteries M18 MILWAUKEEE\u00ae.<\/p>\n<p>4933499177<br \/>\n4058546563417<\/p>\n","protected":false},"excerpt":{"rendered":"<p>M18 FSX-801C \/ SCIES DROITES<\/p>\n","protected":false},"featured_media":589880,"template":"","meta":{"_seopress_robots_primary_cat":"","_seopress_titles_title":"","_seopress_titles_desc":"","_seopress_robots_index":""},"product_brand":[3407],"product_cat":[29,514,558],"product_tag":[3270],"class_list":{"0":"post-624300","1":"product","2":"type-product","3":"status-publish","4":"has-post-thumbnail","6":"product_brand-milwaukee","7":"product_cat-macchinari","8":"product_cat-altri-dispositivi","9":"product_cat-seghe-accessori-vari","10":"product_tag-import-milwau","11":"sws-conto-ricavi-merci-rivendita-macchinari-fr","12":"sws-gruppo-iva-iva81-fr","14":"first","15":"onbackorder","16":"sale","17":"shipping-taxable","18":"purchasable","19":"product-type-simple"},"_links":{"self":[{"href":"https:\/\/lucacastelli.com\/fr\/wp-json\/wp\/v2\/product\/624300","targetHints":{"allow":["GET"]}}],"collection":[{"href":"https:\/\/lucacastelli.com\/fr\/wp-json\/wp\/v2\/product"}],"about":[{"href":"https:\/\/lucacastelli.com\/fr\/wp-json\/wp\/v2\/types\/product"}],"wp:featuredmedia":[{"embeddable":true,"href":"https:\/\/lucacastelli.com\/fr\/wp-json\/wp\/v2\/media\/589880"}],"wp:attachment":[{"href":"https:\/\/lucacastelli.com\/fr\/wp-json\/wp\/v2\/media?parent=624300"}],"wp:term":[{"taxonomy":"product_brand","embeddable":true,"href":"https:\/\/lucacastelli.com\/fr\/wp-json\/wp\/v2\/product_brand?post=624300"},{"taxonomy":"product_cat","embeddable":true,"href":"https:\/\/lucacastelli.com\/fr\/wp-json\/wp\/v2\/product_cat?post=624300"},{"taxonomy":"product_tag","embeddable":true,"href":"https:\/\/lucacastelli.com\/fr\/wp-json\/wp\/v2\/product_tag?post=624300"}],"curies":[{"name":"wp","href":"https:\/\/api.w.org\/{rel}","templated":true}]}}