{"id":624297,"date":"2025-08-09T11:19:40","date_gmt":"2025-08-09T09:19:40","guid":{"rendered":"https:\/\/lucacastelli.com\/prodotto\/milwaukee-scie-droite-1300w-2\/"},"modified":"2025-08-09T11:19:40","modified_gmt":"2025-08-09T09:19:40","slug":"milwaukee-scie-droite-1300w-2","status":"publish","type":"product","link":"https:\/\/lucacastelli.com\/fr\/produit\/milwaukee-scie-droite-1300w-2\/","title":{"rendered":"Milwaukee Scie droite 1300W"},"content":{"rendered":"<p>SSPE 1300 SX \/ Scies droites<br \/>\nPuissant moteur de 1300W;Embrayage \u00e0 engrenages de protection;Syst\u00e8me de changement de lame FIXTEC\u2122 et kit de changement de lame \u00e0 cl\u00e9;Syst\u00e8me anti-vibration brevet\u00e9 AVS &#8211; assurant un faible niveau de vibration de 14,5 m\/s\u00b2;S\u00e9lection de la vitesse variable;Patin r\u00e9glable pour une utilisation optimis\u00e9e avec tout type de lame;C\u00e2ble de 4 m<\/p>\n<p>4933428520<br \/>\n4002395241545.<\/p>\n","protected":false},"excerpt":{"rendered":"<p>SCIES SSPE 1300 SX\/DROITES<\/p>\n","protected":false},"featured_media":569467,"template":"","meta":{"_seopress_robots_primary_cat":"","_seopress_titles_title":"","_seopress_titles_desc":"","_seopress_robots_index":""},"product_brand":[3407],"product_cat":[29,514,558],"product_tag":[3270],"class_list":{"0":"post-624297","1":"product","2":"type-product","3":"status-publish","4":"has-post-thumbnail","6":"product_brand-milwaukee","7":"product_cat-macchinari","8":"product_cat-altri-dispositivi","9":"product_cat-seghe-accessori-vari","10":"product_tag-import-milwau","11":"sws-conto-ricavi-merci-rivendita-macchinari-fr","12":"sws-gruppo-iva-iva81-fr","14":"first","15":"onbackorder","16":"sale","17":"shipping-taxable","18":"purchasable","19":"product-type-simple"},"_links":{"self":[{"href":"https:\/\/lucacastelli.com\/fr\/wp-json\/wp\/v2\/product\/624297","targetHints":{"allow":["GET"]}}],"collection":[{"href":"https:\/\/lucacastelli.com\/fr\/wp-json\/wp\/v2\/product"}],"about":[{"href":"https:\/\/lucacastelli.com\/fr\/wp-json\/wp\/v2\/types\/product"}],"wp:featuredmedia":[{"embeddable":true,"href":"https:\/\/lucacastelli.com\/fr\/wp-json\/wp\/v2\/media\/569467"}],"wp:attachment":[{"href":"https:\/\/lucacastelli.com\/fr\/wp-json\/wp\/v2\/media?parent=624297"}],"wp:term":[{"taxonomy":"product_brand","embeddable":true,"href":"https:\/\/lucacastelli.com\/fr\/wp-json\/wp\/v2\/product_brand?post=624297"},{"taxonomy":"product_cat","embeddable":true,"href":"https:\/\/lucacastelli.com\/fr\/wp-json\/wp\/v2\/product_cat?post=624297"},{"taxonomy":"product_tag","embeddable":true,"href":"https:\/\/lucacastelli.com\/fr\/wp-json\/wp\/v2\/product_tag?post=624297"}],"curies":[{"name":"wp","href":"https:\/\/api.w.org\/{rel}","templated":true}]}}