{"id":624292,"date":"2025-08-09T11:19:39","date_gmt":"2025-08-09T09:19:39","guid":{"rendered":"https:\/\/lucacastelli.com\/prodotto\/milwaukee-scie-droite-1500w\/"},"modified":"2025-08-09T11:19:39","modified_gmt":"2025-08-09T09:19:39","slug":"milwaukee-scie-droite-1500w","status":"publish","type":"product","link":"https:\/\/lucacastelli.com\/fr\/produit\/milwaukee-scie-droite-1500w\/","title":{"rendered":"Milwaukee Scie droite 1500W"},"content":{"rendered":"<p>SSPE 1500 X \/ Scies droites<br \/>\nPuissant moteur de 1500W;Technologie \u00e0 puissance constante &#8211; maintient une vitesse constante sous charge pour des performances toujours \u00e9lev\u00e9es;Embrayage brevet\u00e9 de protection de l&#8217;engrenage &#8211; augmente la dur\u00e9e de vie de l&#8217;engrenage en absorbant tout blocage de la lame;Changement de lame FIXTEC\u2122 et r\u00e9glage du pied sans outil;Syst\u00e8me AVS &#8211; syst\u00e8me anti-vibration brevet\u00e9 assurant un faible niveau de vibration de 12.5 m\/s\u00b2;Vitesse variable et contr\u00f4le \u00e9lectronique de la vitesse;R\u00e9glage du pied pour optimiser l&#8217;utilisation de l&#8217;outil;C\u00e2ble de 4 m;Action orbitale pour une performance de coupe optimale<\/p>\n<p>4933428900<br \/>\n4002395241699.<\/p>\n","protected":false},"excerpt":{"rendered":"<p>SSPE 1500 X\/SCIES DROITES<\/p>\n","protected":false},"featured_media":569495,"template":"","meta":{"_seopress_robots_primary_cat":"","_seopress_titles_title":"","_seopress_titles_desc":"","_seopress_robots_index":""},"product_brand":[3407],"product_cat":[29,514,558],"product_tag":[3270],"class_list":{"0":"post-624292","1":"product","2":"type-product","3":"status-publish","4":"has-post-thumbnail","6":"product_brand-milwaukee","7":"product_cat-macchinari","8":"product_cat-altri-dispositivi","9":"product_cat-seghe-accessori-vari","10":"product_tag-import-milwau","11":"sws-conto-ricavi-merci-rivendita-macchinari-fr","12":"sws-gruppo-iva-iva81-fr","14":"first","15":"onbackorder","16":"sale","17":"shipping-taxable","18":"purchasable","19":"product-type-simple"},"_links":{"self":[{"href":"https:\/\/lucacastelli.com\/fr\/wp-json\/wp\/v2\/product\/624292","targetHints":{"allow":["GET"]}}],"collection":[{"href":"https:\/\/lucacastelli.com\/fr\/wp-json\/wp\/v2\/product"}],"about":[{"href":"https:\/\/lucacastelli.com\/fr\/wp-json\/wp\/v2\/types\/product"}],"wp:featuredmedia":[{"embeddable":true,"href":"https:\/\/lucacastelli.com\/fr\/wp-json\/wp\/v2\/media\/569495"}],"wp:attachment":[{"href":"https:\/\/lucacastelli.com\/fr\/wp-json\/wp\/v2\/media?parent=624292"}],"wp:term":[{"taxonomy":"product_brand","embeddable":true,"href":"https:\/\/lucacastelli.com\/fr\/wp-json\/wp\/v2\/product_brand?post=624292"},{"taxonomy":"product_cat","embeddable":true,"href":"https:\/\/lucacastelli.com\/fr\/wp-json\/wp\/v2\/product_cat?post=624292"},{"taxonomy":"product_tag","embeddable":true,"href":"https:\/\/lucacastelli.com\/fr\/wp-json\/wp\/v2\/product_tag?post=624292"}],"curies":[{"name":"wp","href":"https:\/\/api.w.org\/{rel}","templated":true}]}}