{"id":624289,"date":"2025-08-09T11:19:37","date_gmt":"2025-08-09T09:19:37","guid":{"rendered":"https:\/\/lucacastelli.com\/prodotto\/milwaukee-m18-fuel-sawzall-scie-droite\/"},"modified":"2025-08-09T11:19:37","modified_gmt":"2025-08-09T09:19:37","slug":"milwaukee-m18-fuel-sawzall-scie-droite","status":"publish","type":"product","link":"https:\/\/lucacastelli.com\/fr\/produit\/milwaukee-m18-fuel-sawzall-scie-droite\/","title":{"rendered":"Milwaukee M18 FUEL SAWZALL\u2122 Scie droite"},"content":{"rendered":"<p>M18FSZ-0 STRAIGHT SAW BATT.<br \/>\nMoteur POWERSTATE\u2122 sans balais pour une dur\u00e9e de vie 5 fois plus longue et une coupe jusqu&#8217;\u00e0 30 % plus rapide;Embrayage de protection brevet\u00e9 &#8211; augmente la dur\u00e9e de vie de l&#8217;engrenage en absorbant les blocages soudains de la lame;La pince \u00e0 lame FIXTEC\u2122 permet un changement de lame rapide et facile;Protecteur de connexion de la batterie en m\u00e9tal pour une durabilit\u00e9 et une dur\u00e9e de vie accrues ;Lumi\u00e8re LED pour \u00e9clairer la zone de travail;Sabot pivotant pour une utilisation optimale pendant la coupe;Indicateur d&#8217;\u00e9tat de charge de la batterie;Crochet durable pour ranger ou suspendre l&#8217;outil pour des raisons d&#8217;espace ou de s\u00e9curit\u00e9;La technologie FUEL red\u00e9finit les outils \u00e9lectriques sans fil. Le moteur sans balais, l&#8217;\u00e9lectronique REDLINK PLUS\u2122 et la batterie REDLITHIUM\u2122 offrent des performances et une durabilit\u00e9 sup\u00e9rieures;Fonctionne avec toutes les batteries M18 Milwaukee. <\/p>\n<p>4933498063<br \/>\n4058546512231<\/p>\n","protected":false},"excerpt":{"rendered":"<p>M18FSZ-0 STRAIGHT SAW BATT.<\/p>\n","protected":false},"featured_media":456264,"template":"","meta":{"_seopress_robots_primary_cat":"","_seopress_titles_title":"","_seopress_titles_desc":"","_seopress_robots_index":""},"product_brand":[3407],"product_cat":[29,514,558],"product_tag":[3270],"class_list":{"0":"post-624289","1":"product","2":"type-product","3":"status-publish","4":"has-post-thumbnail","6":"product_brand-milwaukee","7":"product_cat-macchinari","8":"product_cat-altri-dispositivi","9":"product_cat-seghe-accessori-vari","10":"product_tag-import-milwau","11":"sws-conto-ricavi-merci-rivendita-macchinari-fr","12":"sws-gruppo-iva-iva81-fr","14":"first","15":"onbackorder","16":"sale","17":"shipping-taxable","18":"purchasable","19":"product-type-simple"},"_links":{"self":[{"href":"https:\/\/lucacastelli.com\/fr\/wp-json\/wp\/v2\/product\/624289","targetHints":{"allow":["GET"]}}],"collection":[{"href":"https:\/\/lucacastelli.com\/fr\/wp-json\/wp\/v2\/product"}],"about":[{"href":"https:\/\/lucacastelli.com\/fr\/wp-json\/wp\/v2\/types\/product"}],"wp:featuredmedia":[{"embeddable":true,"href":"https:\/\/lucacastelli.com\/fr\/wp-json\/wp\/v2\/media\/456264"}],"wp:attachment":[{"href":"https:\/\/lucacastelli.com\/fr\/wp-json\/wp\/v2\/media?parent=624289"}],"wp:term":[{"taxonomy":"product_brand","embeddable":true,"href":"https:\/\/lucacastelli.com\/fr\/wp-json\/wp\/v2\/product_brand?post=624289"},{"taxonomy":"product_cat","embeddable":true,"href":"https:\/\/lucacastelli.com\/fr\/wp-json\/wp\/v2\/product_cat?post=624289"},{"taxonomy":"product_tag","embeddable":true,"href":"https:\/\/lucacastelli.com\/fr\/wp-json\/wp\/v2\/product_tag?post=624289"}],"curies":[{"name":"wp","href":"https:\/\/api.w.org\/{rel}","templated":true}]}}