{"id":624285,"date":"2025-08-09T11:19:38","date_gmt":"2025-08-09T09:19:38","guid":{"rendered":"https:\/\/lucacastelli.com\/prodotto\/milwaukee-scie-droite-1300w\/"},"modified":"2025-08-09T11:19:38","modified_gmt":"2025-08-09T09:19:38","slug":"milwaukee-scie-droite-1300w","status":"publish","type":"product","link":"https:\/\/lucacastelli.com\/fr\/produit\/milwaukee-scie-droite-1300w\/","title":{"rendered":"Milwaukee Scie droite 1300W"},"content":{"rendered":"<p>SSPE 1300 RX \/ Scies droites<br \/>\nHautes performances gr\u00e2ce au puissant moteur de 1300W et \u00e0 la course de la lame de 32 mm;Embrayage \u00e0 engrenage protecteur;Poign\u00e9e rotative \u00e0 360\u00b0 pour plus de commodit\u00e9;Syst\u00e8me de changement de lame FIXTEC\u2122 pour un remplacement rapide et facile de la lame;Syst\u00e8me anti-vibration AVS brevet\u00e9 assurant de faibles vibrations de 12,5 m\/s\u00b2;S\u00e9lecteur de vitesse variable;Repose-pieds r\u00e9glable<\/p>\n<p>4933440590<br \/>\n4002395001095.<\/p>\n","protected":false},"excerpt":{"rendered":"<p>SSPE 1300 RX\/SCIES DROITES<\/p>\n","protected":false},"featured_media":569874,"template":"","meta":{"_seopress_robots_primary_cat":"","_seopress_titles_title":"","_seopress_titles_desc":"","_seopress_robots_index":""},"product_brand":[3407],"product_cat":[29,514,558],"product_tag":[3270],"class_list":{"0":"post-624285","1":"product","2":"type-product","3":"status-publish","4":"has-post-thumbnail","6":"product_brand-milwaukee","7":"product_cat-macchinari","8":"product_cat-altri-dispositivi","9":"product_cat-seghe-accessori-vari","10":"product_tag-import-milwau","11":"sws-conto-ricavi-merci-rivendita-macchinari-fr","12":"sws-gruppo-iva-iva81-fr","14":"first","15":"onbackorder","16":"sale","17":"shipping-taxable","18":"purchasable","19":"product-type-simple"},"_links":{"self":[{"href":"https:\/\/lucacastelli.com\/fr\/wp-json\/wp\/v2\/product\/624285","targetHints":{"allow":["GET"]}}],"collection":[{"href":"https:\/\/lucacastelli.com\/fr\/wp-json\/wp\/v2\/product"}],"about":[{"href":"https:\/\/lucacastelli.com\/fr\/wp-json\/wp\/v2\/types\/product"}],"wp:featuredmedia":[{"embeddable":true,"href":"https:\/\/lucacastelli.com\/fr\/wp-json\/wp\/v2\/media\/569874"}],"wp:attachment":[{"href":"https:\/\/lucacastelli.com\/fr\/wp-json\/wp\/v2\/media?parent=624285"}],"wp:term":[{"taxonomy":"product_brand","embeddable":true,"href":"https:\/\/lucacastelli.com\/fr\/wp-json\/wp\/v2\/product_brand?post=624285"},{"taxonomy":"product_cat","embeddable":true,"href":"https:\/\/lucacastelli.com\/fr\/wp-json\/wp\/v2\/product_cat?post=624285"},{"taxonomy":"product_tag","embeddable":true,"href":"https:\/\/lucacastelli.com\/fr\/wp-json\/wp\/v2\/product_tag?post=624285"}],"curies":[{"name":"wp","href":"https:\/\/api.w.org\/{rel}","templated":true}]}}