{"id":624284,"date":"2025-08-09T11:19:36","date_gmt":"2025-08-09T09:19:36","guid":{"rendered":"https:\/\/lucacastelli.com\/prodotto\/scie-sauteuse-milwaukee-avec-poignee-a-bouton-2\/"},"modified":"2025-08-09T11:19:36","modified_gmt":"2025-08-09T09:19:36","slug":"scie-sauteuse-milwaukee-avec-poignee-a-bouton-2","status":"publish","type":"product","link":"https:\/\/lucacastelli.com\/fr\/produit\/scie-sauteuse-milwaukee-avec-poignee-a-bouton-2\/","title":{"rendered":"Scie sauteuse Milwaukee avec poign\u00e9e \u00e0 bouton"},"content":{"rendered":"<p>JS 120 X \/ ALTERNATIVE SAWS<br \/>\nConception mince et l\u00e9g\u00e8re pour une manipulation facile ;Moteur puissant de 710 W ;Syst\u00e8me FIXTEC\u2122 brevet\u00e9 pour un remplacement facile de la lame et un r\u00e9glage de l&#8217;inclinaison de 0\u00b0 \u00e0 45\u00b0 ;Vitesse \u00e9lectronique et variable, d\u00e9marrage en douceur et vitesse constante sous charge ;R\u00e9glage du mouvement pendulaire \u00e0 quatre positions pour des performances de coupe accrues ;Excellente visibilit\u00e9 de la lame et de la zone de coupe ;Technologie IMB &#8211; Integrated Metal Block, pour une durabilit\u00e9 et une stabilit\u00e9 optimales. La cage m\u00e9tallique commune pour les roulements et la plaque offre plus de solidit\u00e9 et de durabilit\u00e9;M\u00e9canisme anti-vibration;Pr\u00eat pour l&#8217;extraction de la poussi\u00e8re. <\/p>\n<p>4933381680<br \/>\n4002395234677<\/p>\n","protected":false},"excerpt":{"rendered":"<p>JS 120 X \/ SCIES SAUTEUSES<\/p>\n","protected":false},"featured_media":568215,"template":"","meta":{"_seopress_robots_primary_cat":"","_seopress_titles_title":"","_seopress_titles_desc":"","_seopress_robots_index":""},"product_brand":[3407],"product_cat":[29,514,558],"product_tag":[3270],"class_list":{"0":"post-624284","1":"product","2":"type-product","3":"status-publish","4":"has-post-thumbnail","6":"product_brand-milwaukee","7":"product_cat-macchinari","8":"product_cat-altri-dispositivi","9":"product_cat-seghe-accessori-vari","10":"product_tag-import-milwau","11":"sws-conto-ricavi-merci-rivendita-macchinari-fr","12":"sws-gruppo-iva-iva81-fr","14":"first","15":"onbackorder","16":"sale","17":"shipping-taxable","18":"purchasable","19":"product-type-simple"},"_links":{"self":[{"href":"https:\/\/lucacastelli.com\/fr\/wp-json\/wp\/v2\/product\/624284","targetHints":{"allow":["GET"]}}],"collection":[{"href":"https:\/\/lucacastelli.com\/fr\/wp-json\/wp\/v2\/product"}],"about":[{"href":"https:\/\/lucacastelli.com\/fr\/wp-json\/wp\/v2\/types\/product"}],"wp:featuredmedia":[{"embeddable":true,"href":"https:\/\/lucacastelli.com\/fr\/wp-json\/wp\/v2\/media\/568215"}],"wp:attachment":[{"href":"https:\/\/lucacastelli.com\/fr\/wp-json\/wp\/v2\/media?parent=624284"}],"wp:term":[{"taxonomy":"product_brand","embeddable":true,"href":"https:\/\/lucacastelli.com\/fr\/wp-json\/wp\/v2\/product_brand?post=624284"},{"taxonomy":"product_cat","embeddable":true,"href":"https:\/\/lucacastelli.com\/fr\/wp-json\/wp\/v2\/product_cat?post=624284"},{"taxonomy":"product_tag","embeddable":true,"href":"https:\/\/lucacastelli.com\/fr\/wp-json\/wp\/v2\/product_tag?post=624284"}],"curies":[{"name":"wp","href":"https:\/\/api.w.org\/{rel}","templated":true}]}}