{"id":624282,"date":"2025-08-09T11:19:32","date_gmt":"2025-08-09T09:19:32","guid":{"rendered":"https:\/\/lucacastelli.com\/prodotto\/scie-sauteuse-milwaukee-m18-fuel-avec-poignee-a-bouton\/"},"modified":"2025-10-24T10:25:32","modified_gmt":"2025-10-24T08:25:32","slug":"scie-sauteuse-milwaukee-m18-fuel-avec-poignee-a-bouton","status":"publish","type":"product","link":"https:\/\/lucacastelli.com\/fr\/produit\/scie-sauteuse-milwaukee-m18-fuel-avec-poignee-a-bouton\/","title":{"rendered":"Scie sauteuse Milwaukee M18 FUEL avec poign\u00e9e \u00e0 bouton."},"content":{"rendered":"<p>M18FBJS-0 SEGHET. ALTER.BATT.<br \/>\nMilwaukee\u00ae a con\u00e7u et fabriqu\u00e9 le moteur sans balai POWERSTATE\u2122 pour r\u00e9aliser des coupes rapides avec une plus grande dur\u00e9e de vie de l&#8217;outil et une port\u00e9e de coupe allant jusqu&#8217;\u00e0 32 m dans des panneaux OSB de 19 mm d&#8217;\u00e9paisseur (avec un seul bloc-batterie de 5.0Ah);L&#8217;\u00e9lectronique REDLINK PLUS\u2122 de nouvelle g\u00e9n\u00e9ration offre une protection sup\u00e9rieure contre les surcharges \u00e0 l&#8217;outil et au bloc-batterie, ce qui am\u00e9liore les performances en cas de stress;Le bloc-batterie REDLITHIUM\u2122 offre une construction sup\u00e9rieure du bloc-batterie, des performances constantes garantissant une plus longue dur\u00e9e de vie de l&#8217;outil et plus de travail pendant la dur\u00e9e de vie du bloc-batterie;Syst\u00e8me FIXTEC\u2122 brevet\u00e9 pour un remplacement facile de la lame;5 fonctions de mouvement pendulaire pour des performances de coupe accrues.L&#8217;interrupteur marche\/arr\u00eat ambidextre permet \u00e0 l&#8217;utilisateur d&#8217;allumer l&#8217;outil dans n&#8217;importe quelle position;6 vitesses r\u00e9glables diff\u00e9rentes avec d\u00e9marrage progressif permet \u00e0 l&#8217;outil de d\u00e9marrer lentement et de monter en r\u00e9gime sous charge pour des d\u00e9marrages plus pr\u00e9cis et plus exacts;3500 coups par minute assurent une coupe nette, minimisant les sauts et les vibrations;Extraction de la poussi\u00e8re de la zone de coupe pour garder la ligne de coupe exempte de d\u00e9bris de bois;Lumi\u00e8re LED int\u00e9gr\u00e9e pour \u00e9clairer la zone de travail.<\/p>\n<p>4933498066<br \/>\n4058546512262<\/p>\n","protected":false},"excerpt":{"rendered":"<p>M18FBJS-0 SEGHET. ALTER.BATT. <\/p>\n","protected":false},"featured_media":586966,"template":"","meta":{"_seopress_robots_primary_cat":"none","_seopress_titles_title":"","_seopress_titles_desc":"","_seopress_robots_index":""},"product_brand":[3407],"product_cat":[29,514,558],"product_tag":[3270],"class_list":{"0":"post-624282","1":"product","2":"type-product","3":"status-publish","4":"has-post-thumbnail","6":"product_brand-milwaukee","7":"product_cat-macchinari","8":"product_cat-altri-dispositivi","9":"product_cat-seghe-accessori-vari","10":"product_tag-import-milwau","11":"sws-gruppo-macchinari-fr","12":"sws-conto-ricavi-merci-rivendita-macchinari-fr","13":"sws-gruppo-iva-iva81-fr","15":"first","16":"onbackorder","17":"sale","18":"shipping-taxable","19":"purchasable","20":"product-type-simple"},"_links":{"self":[{"href":"https:\/\/lucacastelli.com\/fr\/wp-json\/wp\/v2\/product\/624282","targetHints":{"allow":["GET"]}}],"collection":[{"href":"https:\/\/lucacastelli.com\/fr\/wp-json\/wp\/v2\/product"}],"about":[{"href":"https:\/\/lucacastelli.com\/fr\/wp-json\/wp\/v2\/types\/product"}],"wp:featuredmedia":[{"embeddable":true,"href":"https:\/\/lucacastelli.com\/fr\/wp-json\/wp\/v2\/media\/586966"}],"wp:attachment":[{"href":"https:\/\/lucacastelli.com\/fr\/wp-json\/wp\/v2\/media?parent=624282"}],"wp:term":[{"taxonomy":"product_brand","embeddable":true,"href":"https:\/\/lucacastelli.com\/fr\/wp-json\/wp\/v2\/product_brand?post=624282"},{"taxonomy":"product_cat","embeddable":true,"href":"https:\/\/lucacastelli.com\/fr\/wp-json\/wp\/v2\/product_cat?post=624282"},{"taxonomy":"product_tag","embeddable":true,"href":"https:\/\/lucacastelli.com\/fr\/wp-json\/wp\/v2\/product_tag?post=624282"}],"curies":[{"name":"wp","href":"https:\/\/api.w.org\/{rel}","templated":true}]}}