{"id":624278,"date":"2025-08-09T11:19:35","date_gmt":"2025-08-09T09:19:35","guid":{"rendered":"https:\/\/lucacastelli.com\/prodotto\/milwaukee-m18-fuel-one-key-sawzall-scie-droite\/"},"modified":"2026-04-15T12:16:00","modified_gmt":"2026-04-15T10:16:00","slug":"milwaukee-m18-fuel-one-key-sawzall-scie-droite","status":"publish","type":"product","link":"https:\/\/lucacastelli.com\/fr\/produit\/milwaukee-m18-fuel-one-key-sawzall-scie-droite\/","title":{"rendered":"MILWAUKEE Scie sabre M18 FUEL\u2122 ONE KEY\u2122 SAWZALL\u2122"},"content":{"rendered":"<p>M18ONEFSZ-0 SCIE SABRE SANS FIL<br \/>\nScie sabre M18 FUEL\u2122 SAWZALL\u2122 \u00e9quip\u00e9e de la technologie ONE-KEY\u2122 ; Connexion via Bluetooth\u00a9 avec l\u2019app ONE-KEY\u2122 ; Personnalisation compl\u00e8te de l\u2019outil via l\u2019app ONE-KEY\u2122, pour configurer l\u2019outil selon vos besoins ; Le syst\u00e8me ONE-KEY\u2122 Tracking &amp; Security offre gratuitement un service de suivi et de gestion d\u2019inventaire bas\u00e9 sur le cloud, avec des fonctionnalit\u00e9s de verrouillage \u00e0 distance ; Le d\u00e9marrage progressif r\u00e9glable garantit des coupes pr\u00e9cises et rapides sur tous les mat\u00e9riaux, minimisant les vibrations de la lame pendant la coupe ; L\u2019optimisation de la coupe permet une dur\u00e9e de vie accrue de la lame et une coupe plus facile sur divers mat\u00e9riaux ; Possibilit\u00e9 d\u2019activer le frein de coupe : l\u2019outil s\u2019arr\u00eate automatiquement d\u00e8s que la coupe en cours est termin\u00e9e, \u00e9vitant d\u2019endommager accidentellement les mat\u00e9riaux adjacents ; Enregistrez jusqu\u2019\u00e0 3 personnalisations de vitesse de coupe et de configurations les plus utilis\u00e9es sur l\u2019outil ; Fonctionne avec toutes les batteries M18\u2122 MILWAUKEE\u00ae<\/p>\n<p>4933499161<br \/>\n4058546530303<\/p>\n","protected":false},"excerpt":{"rendered":"<p>M18ONEFSZ-0 SCIE SABRE SANS FIL<\/p>\n","protected":false},"featured_media":587778,"template":"","meta":{"_seopress_robots_primary_cat":"","_seopress_titles_title":"","_seopress_titles_desc":"","_seopress_robots_index":""},"product_brand":[3407],"product_cat":[29,514,558],"product_tag":[3270],"class_list":{"0":"post-624278","1":"product","2":"type-product","3":"status-publish","4":"has-post-thumbnail","6":"product_brand-milwaukee","7":"product_cat-macchinari","8":"product_cat-altri-dispositivi","9":"product_cat-seghe-accessori-vari","10":"product_tag-import-milwau","11":"sws-conto-ricavi-merci-rivendita-macchinari-fr","12":"sws-gruppo-iva-iva81-fr","14":"first","15":"onbackorder","16":"sale","17":"shipping-taxable","18":"purchasable","19":"product-type-simple"},"_links":{"self":[{"href":"https:\/\/lucacastelli.com\/fr\/wp-json\/wp\/v2\/product\/624278","targetHints":{"allow":["GET"]}}],"collection":[{"href":"https:\/\/lucacastelli.com\/fr\/wp-json\/wp\/v2\/product"}],"about":[{"href":"https:\/\/lucacastelli.com\/fr\/wp-json\/wp\/v2\/types\/product"}],"wp:featuredmedia":[{"embeddable":true,"href":"https:\/\/lucacastelli.com\/fr\/wp-json\/wp\/v2\/media\/587778"}],"wp:attachment":[{"href":"https:\/\/lucacastelli.com\/fr\/wp-json\/wp\/v2\/media?parent=624278"}],"wp:term":[{"taxonomy":"product_brand","embeddable":true,"href":"https:\/\/lucacastelli.com\/fr\/wp-json\/wp\/v2\/product_brand?post=624278"},{"taxonomy":"product_cat","embeddable":true,"href":"https:\/\/lucacastelli.com\/fr\/wp-json\/wp\/v2\/product_cat?post=624278"},{"taxonomy":"product_tag","embeddable":true,"href":"https:\/\/lucacastelli.com\/fr\/wp-json\/wp\/v2\/product_tag?post=624278"}],"curies":[{"name":"wp","href":"https:\/\/api.w.org\/{rel}","templated":true}]}}