{"id":624274,"date":"2025-08-09T11:19:29","date_gmt":"2025-08-09T09:19:29","guid":{"rendered":"https:\/\/lucacastelli.com\/prodotto\/scie-sauteuse-milwaukee-m18-fuel-avec-poignee-support\/"},"modified":"2025-08-09T11:19:29","modified_gmt":"2025-08-09T09:19:29","slug":"scie-sauteuse-milwaukee-m18-fuel-avec-poignee-support","status":"publish","type":"product","link":"https:\/\/lucacastelli.com\/fr\/produit\/scie-sauteuse-milwaukee-m18-fuel-avec-poignee-support\/","title":{"rendered":"Scie sauteuse Milwaukee M18 FUEL avec poign\u00e9e support."},"content":{"rendered":"<p>M18FJS-0 SEGHET. BATTERIE ALTER.<br \/>\nLe moteur sans balai Milwaukee\u00ae POWERSTATE\u2122 permet des coupes rapides, une dur\u00e9e de vie accrue et une port\u00e9e de coupe allant jusqu&#8217;\u00e0 32 m sur du contreplaqu\u00e9 de 19 mm d&#8217;\u00e9paisseur (avec une batterie de 5.0 Ah);L&#8217;\u00e9lectronique intelligente REDLINK PLUS\u2122 offre une protection num\u00e9rique avanc\u00e9e contre les surcharges pour les outils et les batteries, et am\u00e9liore consid\u00e9rablement les performances de l&#8217;outil sous charge;Le bloc-batterie REDLITHIUM\u2122 offre une construction de bloc-batterie sup\u00e9rieure, une \u00e9lectronique et des performances constantes pour offrir plus d&#8217;autonomie et plus de travail pendant toute la dur\u00e9e de vie de la batterie ;Syst\u00e8me FIXTEC brevet\u00e9 par Milwaukee pour un remplacement facile de la lame;R\u00e9glage de l&#8217;angle de coupe de 0 \u00e0 45\u00b0;5 r\u00e9glages diff\u00e9rents du mouvement pendulaire;Adaptateur (inclus) pour fixation avec un aspirateur externe;Lumi\u00e8re LED pour \u00e9clairer la zone de travail;Base de sabot souple et amovible pour \u00e9viter les marques et les rayures lors de la coupe dans des mat\u00e9riaux souples;Fonctionne avec toutes les batteries Milwaukee M18.  <\/p>\n<p>4933499153<br \/>\n4058546530228<\/p>\n","protected":false},"excerpt":{"rendered":"<p>M18FJS-0 SEGHET. BATTERIE ALTER. <\/p>\n","protected":false},"featured_media":587682,"template":"","meta":{"_seopress_robots_primary_cat":"","_seopress_titles_title":"","_seopress_titles_desc":"","_seopress_robots_index":""},"product_brand":[3407],"product_cat":[29,514,558],"product_tag":[3270],"class_list":{"0":"post-624274","1":"product","2":"type-product","3":"status-publish","4":"has-post-thumbnail","6":"product_brand-milwaukee","7":"product_cat-macchinari","8":"product_cat-altri-dispositivi","9":"product_cat-seghe-accessori-vari","10":"product_tag-import-milwau","11":"sws-conto-ricavi-merci-rivendita-macchinari-fr","12":"sws-gruppo-iva-iva81-fr","14":"first","15":"onbackorder","16":"sale","17":"shipping-taxable","18":"purchasable","19":"product-type-simple"},"_links":{"self":[{"href":"https:\/\/lucacastelli.com\/fr\/wp-json\/wp\/v2\/product\/624274","targetHints":{"allow":["GET"]}}],"collection":[{"href":"https:\/\/lucacastelli.com\/fr\/wp-json\/wp\/v2\/product"}],"about":[{"href":"https:\/\/lucacastelli.com\/fr\/wp-json\/wp\/v2\/types\/product"}],"wp:featuredmedia":[{"embeddable":true,"href":"https:\/\/lucacastelli.com\/fr\/wp-json\/wp\/v2\/media\/587682"}],"wp:attachment":[{"href":"https:\/\/lucacastelli.com\/fr\/wp-json\/wp\/v2\/media?parent=624274"}],"wp:term":[{"taxonomy":"product_brand","embeddable":true,"href":"https:\/\/lucacastelli.com\/fr\/wp-json\/wp\/v2\/product_brand?post=624274"},{"taxonomy":"product_cat","embeddable":true,"href":"https:\/\/lucacastelli.com\/fr\/wp-json\/wp\/v2\/product_cat?post=624274"},{"taxonomy":"product_tag","embeddable":true,"href":"https:\/\/lucacastelli.com\/fr\/wp-json\/wp\/v2\/product_tag?post=624274"}],"curies":[{"name":"wp","href":"https:\/\/api.w.org\/{rel}","templated":true}]}}