{"id":624269,"date":"2025-08-09T11:19:30","date_gmt":"2025-08-09T09:19:30","guid":{"rendered":"https:\/\/lucacastelli.com\/prodotto\/scie-sauteuse-milwaukee-avec-poignee-a-etrier\/"},"modified":"2025-08-09T11:19:30","modified_gmt":"2025-08-09T09:19:30","slug":"scie-sauteuse-milwaukee-avec-poignee-a-etrier","status":"publish","type":"product","link":"https:\/\/lucacastelli.com\/fr\/produit\/scie-sauteuse-milwaukee-avec-poignee-a-etrier\/","title":{"rendered":"Scie sauteuse Milwaukee avec poign\u00e9e \u00e0 \u00e9trier"},"content":{"rendered":"<p>JSPE 135 TX \/ Scies sauteuses<br \/>\nScie sauteuse robuste id\u00e9ale pour la coupe rapide du bois, de l&#8217;aluminium et de la c\u00e9ramique;Moteur puissant de 750 W;Guidage pr\u00e9cis de la lame pour des coupes pr\u00e9cises;Syst\u00e8me FIXTEC\u2122 brevet\u00e9 pour un remplacement facile de la lame;Vitesse \u00e9lectronique variable, d\u00e9marrage progressif et vitesse constante sous charge ;R\u00e9glage du mouvement pendulaire en quatre positions pour augmenter les performances de coupe et prolonger la dur\u00e9e de vie des lames;R\u00e9glage du d\u00e9bit d&#8217;air pour le soufflage ou l&#8217;aspiration;\u00c9clairage LED pour une excellente visibilit\u00e9 de la zone de coupe;C\u00e2ble de 4 m<\/p>\n<p>4933381230<br \/>\n4002395232529.<\/p>\n","protected":false},"excerpt":{"rendered":"<p>JSPE 135 TX \/ SCIES SAUTEUSES<\/p>\n","protected":false},"featured_media":568206,"template":"","meta":{"_seopress_robots_primary_cat":"","_seopress_titles_title":"","_seopress_titles_desc":"","_seopress_robots_index":""},"product_brand":[3407],"product_cat":[29,514,558],"product_tag":[3270],"class_list":{"0":"post-624269","1":"product","2":"type-product","3":"status-publish","4":"has-post-thumbnail","6":"product_brand-milwaukee","7":"product_cat-macchinari","8":"product_cat-altri-dispositivi","9":"product_cat-seghe-accessori-vari","10":"product_tag-import-milwau","11":"sws-conto-ricavi-merci-rivendita-macchinari-fr","12":"sws-gruppo-iva-iva81-fr","14":"first","15":"onbackorder","16":"sale","17":"shipping-taxable","18":"purchasable","19":"product-type-simple"},"_links":{"self":[{"href":"https:\/\/lucacastelli.com\/fr\/wp-json\/wp\/v2\/product\/624269","targetHints":{"allow":["GET"]}}],"collection":[{"href":"https:\/\/lucacastelli.com\/fr\/wp-json\/wp\/v2\/product"}],"about":[{"href":"https:\/\/lucacastelli.com\/fr\/wp-json\/wp\/v2\/types\/product"}],"wp:featuredmedia":[{"embeddable":true,"href":"https:\/\/lucacastelli.com\/fr\/wp-json\/wp\/v2\/media\/568206"}],"wp:attachment":[{"href":"https:\/\/lucacastelli.com\/fr\/wp-json\/wp\/v2\/media?parent=624269"}],"wp:term":[{"taxonomy":"product_brand","embeddable":true,"href":"https:\/\/lucacastelli.com\/fr\/wp-json\/wp\/v2\/product_brand?post=624269"},{"taxonomy":"product_cat","embeddable":true,"href":"https:\/\/lucacastelli.com\/fr\/wp-json\/wp\/v2\/product_cat?post=624269"},{"taxonomy":"product_tag","embeddable":true,"href":"https:\/\/lucacastelli.com\/fr\/wp-json\/wp\/v2\/product_tag?post=624269"}],"curies":[{"name":"wp","href":"https:\/\/api.w.org\/{rel}","templated":true}]}}