{"id":624268,"date":"2025-08-09T11:19:28","date_gmt":"2025-08-09T09:19:28","guid":{"rendered":"https:\/\/lucacastelli.com\/prodotto\/scie-sauteuse-milwaukee-m12-fuel-2\/"},"modified":"2025-08-09T11:19:28","modified_gmt":"2025-08-09T09:19:28","slug":"scie-sauteuse-milwaukee-m12-fuel-2","status":"publish","type":"product","link":"https:\/\/lucacastelli.com\/fr\/produit\/scie-sauteuse-milwaukee-m12-fuel-2\/","title":{"rendered":"Scie sauteuse Milwaukee M12 FUEL"},"content":{"rendered":"<p>M12FJS-422X\/ALTERNATIVE SAWS<br \/>\nPuissance sans compromis, autonomie pour couper jusqu&#8217;\u00e0 24 m\u00e8tres de contreplaqu\u00e9 de 19 mm avec une batterie de 4 Ah;Syst\u00e8me FIXTEC\u2122 pour un changement de lame sans outil;6 vitesses peuvent \u00eatre s\u00e9lectionn\u00e9es pour r\u00e9aliser des coupes pr\u00e9cises et justes en fonction du mat\u00e9riau. La lame d\u00e9marre lentement puis acc\u00e9l\u00e8re d&#8217;elle-m\u00eame lorsqu&#8217;elle rencontre la r\u00e9sistance du mat\u00e9riau;3500 coups par minute pour des coupes pr\u00e9cises tout en r\u00e9duisant les vibrations et les copeaux;Un jet d&#8217;air maintient la surface de coupe propre;Des LED sont int\u00e9gr\u00e9es pour \u00e9clairer le plan de travail;Peut \u00eatre \u00e9teinte manuellement;Pied amovible pour \u00e9viter d&#8217;endommager le mat\u00e9riau coup\u00e9;Livr\u00e9e avec une lame, un adaptateur DEK 26 pour aspirateurs, une grille anti-poussi\u00e8re, un pare-\u00e9clats, un rev\u00eatement en caoutchouc;La technologie FUEL red\u00e9finit l&#8217;outillage \u00e9lectroportatif sans cordon. Le moteur sans balais, l&#8217;\u00e9lectronique REDLINK PLUS\u2122 et la batterie REDLITHIUM\u2122 offrent des performances et une durabilit\u00e9 sup\u00e9rieures;Fonctionne avec toutes les batteries M12\u2122 MILWAUKEEE\u00ae.  <\/p>\n<p>4933493348<br \/>\n4058546482190<\/p>\n","protected":false},"excerpt":{"rendered":"<p>M12FJS-422X\/SCIES SAUTEUSES<\/p>\n","protected":false},"featured_media":585483,"template":"","meta":{"_seopress_robots_primary_cat":"","_seopress_titles_title":"","_seopress_titles_desc":"","_seopress_robots_index":""},"product_brand":[3407],"product_cat":[29,514,558],"product_tag":[3270],"class_list":{"0":"post-624268","1":"product","2":"type-product","3":"status-publish","4":"has-post-thumbnail","6":"product_brand-milwaukee","7":"product_cat-macchinari","8":"product_cat-altri-dispositivi","9":"product_cat-seghe-accessori-vari","10":"product_tag-import-milwau","11":"sws-conto-ricavi-merci-rivendita-macchinari-fr","12":"sws-gruppo-iva-iva81-fr","14":"first","15":"onbackorder","16":"sale","17":"shipping-taxable","18":"purchasable","19":"product-type-simple"},"_links":{"self":[{"href":"https:\/\/lucacastelli.com\/fr\/wp-json\/wp\/v2\/product\/624268","targetHints":{"allow":["GET"]}}],"collection":[{"href":"https:\/\/lucacastelli.com\/fr\/wp-json\/wp\/v2\/product"}],"about":[{"href":"https:\/\/lucacastelli.com\/fr\/wp-json\/wp\/v2\/types\/product"}],"wp:featuredmedia":[{"embeddable":true,"href":"https:\/\/lucacastelli.com\/fr\/wp-json\/wp\/v2\/media\/585483"}],"wp:attachment":[{"href":"https:\/\/lucacastelli.com\/fr\/wp-json\/wp\/v2\/media?parent=624268"}],"wp:term":[{"taxonomy":"product_brand","embeddable":true,"href":"https:\/\/lucacastelli.com\/fr\/wp-json\/wp\/v2\/product_brand?post=624268"},{"taxonomy":"product_cat","embeddable":true,"href":"https:\/\/lucacastelli.com\/fr\/wp-json\/wp\/v2\/product_cat?post=624268"},{"taxonomy":"product_tag","embeddable":true,"href":"https:\/\/lucacastelli.com\/fr\/wp-json\/wp\/v2\/product_tag?post=624268"}],"curies":[{"name":"wp","href":"https:\/\/api.w.org\/{rel}","templated":true}]}}