{"id":624256,"date":"2025-08-09T11:15:03","date_gmt":"2025-08-09T09:15:03","guid":{"rendered":"https:\/\/lucacastelli.com\/prodotto\/recepteur-laser-rotatif-milwaukee-600-metres\/"},"modified":"2025-08-09T11:15:03","modified_gmt":"2025-08-09T09:15:03","slug":"recepteur-laser-rotatif-milwaukee-600-metres","status":"publish","type":"product","link":"https:\/\/lucacastelli.com\/fr\/produit\/recepteur-laser-rotatif-milwaukee-600-metres\/","title":{"rendered":"R\u00e9cepteur laser rotatif Milwaukee 600 m\u00e8tres"},"content":{"rendered":"<p>RD600 \/ LASER LEVELS ACCESSORIES<br \/>\nPort\u00e9e de 600 m\u00e8tres en combinaison avec le laser M18 RLOH600, pour les applications \u00e0 longue distance;\u00c9cran facile \u00e0 lire, affichage r\u00e9tro\u00e9clair\u00e9 en mm et en pouces \u00e0 l&#8217;arri\u00e8re et \u00e0 l&#8217;avant pour une bonne visibilit\u00e9;Classification IP67, r\u00e9siste \u00e0 des chutes jusqu&#8217;\u00e0 2 m\u00e8tres;5 r\u00e9glages de pr\u00e9cision pour r\u00e9gler le r\u00e9cepteur en fonction de l&#8217;application la plus sp\u00e9cifique, de 0.5 mm \u00e0 10 mm;Signal sonore et LED pour l&#8217;alignement \u00e0 distance;Surface de r\u00e9ception de 120 mm pour une lecture optimis\u00e9e<\/p>\n<p>4932493197<br \/>\n4058546480684<\/p>\n","protected":false},"excerpt":{"rendered":"<p>RD600 \/LEVEL LASER ACCESSOIRES<\/p>\n","protected":false},"featured_media":561359,"template":"","meta":{"_seopress_robots_primary_cat":"","_seopress_titles_title":"","_seopress_titles_desc":"","_seopress_robots_index":""},"product_brand":[3407],"product_cat":[29,514,551],"product_tag":[3270],"class_list":{"0":"post-624256","1":"product","2":"type-product","3":"status-publish","4":"has-post-thumbnail","6":"product_brand-milwaukee","7":"product_cat-macchinari","8":"product_cat-altri-dispositivi","9":"product_cat-apparecchi-di-misurazione","10":"product_tag-import-milwau","11":"sws-conto-ricavi-merci-rivendita-macchinari-fr","12":"sws-gruppo-iva-iva81-fr","14":"first","15":"onbackorder","16":"sale","17":"shipping-taxable","18":"purchasable","19":"product-type-simple"},"_links":{"self":[{"href":"https:\/\/lucacastelli.com\/fr\/wp-json\/wp\/v2\/product\/624256","targetHints":{"allow":["GET"]}}],"collection":[{"href":"https:\/\/lucacastelli.com\/fr\/wp-json\/wp\/v2\/product"}],"about":[{"href":"https:\/\/lucacastelli.com\/fr\/wp-json\/wp\/v2\/types\/product"}],"wp:featuredmedia":[{"embeddable":true,"href":"https:\/\/lucacastelli.com\/fr\/wp-json\/wp\/v2\/media\/561359"}],"wp:attachment":[{"href":"https:\/\/lucacastelli.com\/fr\/wp-json\/wp\/v2\/media?parent=624256"}],"wp:term":[{"taxonomy":"product_brand","embeddable":true,"href":"https:\/\/lucacastelli.com\/fr\/wp-json\/wp\/v2\/product_brand?post=624256"},{"taxonomy":"product_cat","embeddable":true,"href":"https:\/\/lucacastelli.com\/fr\/wp-json\/wp\/v2\/product_cat?post=624256"},{"taxonomy":"product_tag","embeddable":true,"href":"https:\/\/lucacastelli.com\/fr\/wp-json\/wp\/v2\/product_tag?post=624256"}],"curies":[{"name":"wp","href":"https:\/\/api.w.org\/{rel}","templated":true}]}}