{"id":624246,"date":"2025-08-09T19:22:31","date_gmt":"2025-08-09T17:22:31","guid":{"rendered":"https:\/\/lucacastelli.com\/prodotto\/milwaukee-multimaterial-tip-14x400-mm\/"},"modified":"2025-08-09T19:22:31","modified_gmt":"2025-08-09T17:22:31","slug":"milwaukee-multimaterial-tip-14x400-mm","status":"publish","type":"product","link":"https:\/\/lucacastelli.com\/fr\/produit\/milwaukee-multimaterial-tip-14x400-mm\/","title":{"rendered":"Milwaukee MULTIMATERIAL TIP 14&#215;400 MM"},"content":{"rendered":"<p>EMBOUT MULTIMATERIEL 14&#215;400 MM<br \/>\nCon\u00e7u pour \u00eatre utilis\u00e9 avec les cl\u00e9s \u00e0 chocs et les perceuses\/visseuses;Le tranchant en carbure de tungst\u00e8ne (TCT) permet de percer le b\u00e9ton, les briques, les tuiles, les blocs de b\u00e9ton, le m\u00e9tal fin, les carreaux de c\u00e9ramique moyennement souples, tous les types de bois et le PVC;Rainure blanche pour une identification facile<\/p>\n<p>4932493878<br \/>\n4058546510381<\/p>\n","protected":false},"excerpt":{"rendered":"<p>embout multi-mat\u00e9riaux 14&#215;400 mm<\/p>\n","protected":false},"featured_media":564590,"template":"","meta":{"_seopress_robots_primary_cat":"","_seopress_titles_title":"","_seopress_titles_desc":"","_seopress_robots_index":""},"product_brand":[3658],"product_cat":[1555,167,1552],"product_tag":[3273],"class_list":{"0":"post-624246","1":"product","2":"type-product","3":"status-publish","4":"has-post-thumbnail","6":"product_brand-milwaukee-fr","7":"product_cat-accessoires-pour-perceuses-et-tournevis","8":"product_cat-machines","9":"product_cat-perceuses-et-tournevis","10":"product_tag-import-milwau-fr","11":"sws-conto-ricavi-merci-rivendita-macchinari-fr","12":"sws-gruppo-iva-iva81-fr","14":"first","15":"onbackorder","16":"sale","17":"shipping-taxable","18":"purchasable","19":"product-type-simple"},"_links":{"self":[{"href":"https:\/\/lucacastelli.com\/fr\/wp-json\/wp\/v2\/product\/624246","targetHints":{"allow":["GET"]}}],"collection":[{"href":"https:\/\/lucacastelli.com\/fr\/wp-json\/wp\/v2\/product"}],"about":[{"href":"https:\/\/lucacastelli.com\/fr\/wp-json\/wp\/v2\/types\/product"}],"wp:featuredmedia":[{"embeddable":true,"href":"https:\/\/lucacastelli.com\/fr\/wp-json\/wp\/v2\/media\/564590"}],"wp:attachment":[{"href":"https:\/\/lucacastelli.com\/fr\/wp-json\/wp\/v2\/media?parent=624246"}],"wp:term":[{"taxonomy":"product_brand","embeddable":true,"href":"https:\/\/lucacastelli.com\/fr\/wp-json\/wp\/v2\/product_brand?post=624246"},{"taxonomy":"product_cat","embeddable":true,"href":"https:\/\/lucacastelli.com\/fr\/wp-json\/wp\/v2\/product_cat?post=624246"},{"taxonomy":"product_tag","embeddable":true,"href":"https:\/\/lucacastelli.com\/fr\/wp-json\/wp\/v2\/product_tag?post=624246"}],"curies":[{"name":"wp","href":"https:\/\/api.w.org\/{rel}","templated":true}]}}