{"id":624235,"date":"2025-08-09T11:26:28","date_gmt":"2025-08-09T09:26:28","guid":{"rendered":"https:\/\/lucacastelli.com\/prodotto\/milwaukee-hss-hss-jeu-de-fraises-coniques-en-cobalt\/"},"modified":"2026-04-15T12:04:46","modified_gmt":"2026-04-15T10:04:46","slug":"milwaukee-hss-hss-jeu-de-fraises-coniques-en-cobalt","status":"publish","type":"product","link":"https:\/\/lucacastelli.com\/fr\/produit\/milwaukee-hss-hss-jeu-de-fraises-coniques-en-cobalt\/","title":{"rendered":"MILWAUKEE Jeu de fraises \u00e0 noyer coniques HSS \/ HSS Cobalt"},"content":{"rendered":"<p>FRAISE \u00c0 NOYER CONIQUE HSS 20,5 mm<br \/>\nSelon la norme DIN 335C \/ angle de 90 degr\u00e9s ; 3 tranchants ; \u00c9bavurage et fraisage en une seule \u00e9tape selon la norme DIN 74\/75 ; G\u00e9om\u00e9trie de coupe optimis\u00e9e pour un centrage facile, une bonne \u00e9vacuation des copeaux et de faibles vibrations ; La meilleure dur\u00e9e de vie est obtenue avec l\u2019utilisation d\u2019un lubrifiant ; Convient pour l\u2019acier &lt; 900 N\/mm\u00b2, l\u2019aluminium et le plastique<\/p>\n<p>4932493974<br \/>\n4058546511340<\/p>\n","protected":false},"excerpt":{"rendered":"<p>FRAISE \u00c0 NOYER CONIQUE HSS 20,5 mm<\/p>\n","protected":false},"featured_media":599641,"template":"","meta":{"_seopress_robots_primary_cat":"","_seopress_titles_title":"","_seopress_titles_desc":"","_seopress_robots_index":""},"product_brand":[3407],"product_cat":[29,514,549,550],"product_tag":[3270],"class_list":{"0":"post-624235","1":"product","2":"type-product","3":"status-publish","4":"has-post-thumbnail","6":"product_brand-milwaukee","7":"product_cat-macchinari","8":"product_cat-altri-dispositivi","9":"product_cat-trapani-e-avvitatori","10":"product_cat-accessori-per-trapani-ed-avvitatori","11":"product_tag-import-milwau","12":"sws-conto-ricavi-merci-rivendita-macchinari-fr","13":"sws-gruppo-iva-iva81-fr","15":"first","16":"onbackorder","17":"sale","18":"shipping-taxable","19":"purchasable","20":"product-type-simple"},"_links":{"self":[{"href":"https:\/\/lucacastelli.com\/fr\/wp-json\/wp\/v2\/product\/624235","targetHints":{"allow":["GET"]}}],"collection":[{"href":"https:\/\/lucacastelli.com\/fr\/wp-json\/wp\/v2\/product"}],"about":[{"href":"https:\/\/lucacastelli.com\/fr\/wp-json\/wp\/v2\/types\/product"}],"wp:featuredmedia":[{"embeddable":true,"href":"https:\/\/lucacastelli.com\/fr\/wp-json\/wp\/v2\/media\/599641"}],"wp:attachment":[{"href":"https:\/\/lucacastelli.com\/fr\/wp-json\/wp\/v2\/media?parent=624235"}],"wp:term":[{"taxonomy":"product_brand","embeddable":true,"href":"https:\/\/lucacastelli.com\/fr\/wp-json\/wp\/v2\/product_brand?post=624235"},{"taxonomy":"product_cat","embeddable":true,"href":"https:\/\/lucacastelli.com\/fr\/wp-json\/wp\/v2\/product_cat?post=624235"},{"taxonomy":"product_tag","embeddable":true,"href":"https:\/\/lucacastelli.com\/fr\/wp-json\/wp\/v2\/product_tag?post=624235"}],"curies":[{"name":"wp","href":"https:\/\/api.w.org\/{rel}","templated":true}]}}