{"id":624231,"date":"2025-08-09T11:38:24","date_gmt":"2025-08-09T09:38:24","guid":{"rendered":"https:\/\/lucacastelli.com\/prodotto\/milwaukee-scalp-fugh-dent-carb-sdsplus125x32mm-1-pc\/"},"modified":"2025-08-09T11:38:24","modified_gmt":"2025-08-09T09:38:24","slug":"milwaukee-scalp-fugh-dent-carb-sdsplus125x32mm-1-pc","status":"publish","type":"product","link":"https:\/\/lucacastelli.com\/fr\/produit\/milwaukee-scalp-fugh-dent-carb-sdsplus125x32mm-1-pc\/","title":{"rendered":"Milwaukee SCALP FUGH DENT CARB SDSPLUS125X32MM 1 pc."},"content":{"rendered":"<p>SCALP FUGH DENT CARB SDSPLUS125X32MM 1pcs<br \/>\nEmpreintes en carbure de tungst\u00e8ne;id\u00e9al pour nettoyer et enlever le mortier des joints, par exemple dans les cadres de fen\u00eatres ou de portes;pour enlever les briques cass\u00e9es;pour enlever les parties in\u00e9gales sur les surfaces en b\u00e9ton<\/p>\n<p>4932472029 4058546324254<\/p>\n","protected":false},"excerpt":{"rendered":"<p>SCALP FUGH DENT CARB SDSPLUS125X32MM 1 pc.<\/p>\n","protected":false},"featured_media":538830,"template":"","meta":{"_seopress_robots_primary_cat":"","_seopress_titles_title":"","_seopress_titles_desc":"","_seopress_robots_index":""},"product_brand":[3407],"product_cat":[29,514,549,550],"product_tag":[3270],"class_list":{"0":"post-624231","1":"product","2":"type-product","3":"status-publish","4":"has-post-thumbnail","6":"product_brand-milwaukee","7":"product_cat-macchinari","8":"product_cat-altri-dispositivi","9":"product_cat-trapani-e-avvitatori","10":"product_cat-accessori-per-trapani-ed-avvitatori","11":"product_tag-import-milwau","12":"sws-conto-ricavi-merci-rivendita-macchinari-fr","13":"sws-gruppo-iva-iva81-fr","15":"first","16":"onbackorder","17":"sale","18":"shipping-taxable","19":"purchasable","20":"product-type-simple"},"_links":{"self":[{"href":"https:\/\/lucacastelli.com\/fr\/wp-json\/wp\/v2\/product\/624231","targetHints":{"allow":["GET"]}}],"collection":[{"href":"https:\/\/lucacastelli.com\/fr\/wp-json\/wp\/v2\/product"}],"about":[{"href":"https:\/\/lucacastelli.com\/fr\/wp-json\/wp\/v2\/types\/product"}],"wp:featuredmedia":[{"embeddable":true,"href":"https:\/\/lucacastelli.com\/fr\/wp-json\/wp\/v2\/media\/538830"}],"wp:attachment":[{"href":"https:\/\/lucacastelli.com\/fr\/wp-json\/wp\/v2\/media?parent=624231"}],"wp:term":[{"taxonomy":"product_brand","embeddable":true,"href":"https:\/\/lucacastelli.com\/fr\/wp-json\/wp\/v2\/product_brand?post=624231"},{"taxonomy":"product_cat","embeddable":true,"href":"https:\/\/lucacastelli.com\/fr\/wp-json\/wp\/v2\/product_cat?post=624231"},{"taxonomy":"product_tag","embeddable":true,"href":"https:\/\/lucacastelli.com\/fr\/wp-json\/wp\/v2\/product_tag?post=624231"}],"curies":[{"name":"wp","href":"https:\/\/api.w.org\/{rel}","templated":true}]}}