{"id":624228,"date":"2025-08-09T11:26:27","date_gmt":"2025-08-09T09:26:27","guid":{"rendered":"https:\/\/lucacastelli.com\/prodotto\/milwaukee-sds-max-flr-scraper-service-set-10pc\/"},"modified":"2025-08-09T11:26:27","modified_gmt":"2025-08-09T09:26:27","slug":"milwaukee-sds-max-flr-scraper-service-set-10pc","status":"publish","type":"product","link":"https:\/\/lucacastelli.com\/fr\/produit\/milwaukee-sds-max-flr-scraper-service-set-10pc\/","title":{"rendered":"Milwaukee SDS Max Flr.Scraper Service Set-10pc"},"content":{"rendered":"<p>SDS Max Flr.Scraper Service Set-10pc<br \/>\nLes ciseaux Milwaukee SLEDGE\u2122 restent aiguis\u00e9s plus longtemps ;id\u00e9al pour enlever les carreaux, le linol\u00e9um, le stratifi\u00e9 et les adh\u00e9sifs ;le bord de coupe flexible coupe plus rapidement dans le mat\u00e9riau ;bord de coupe de 152 mm de large pour une plus grande productivit\u00e9 ; le bord de coupe angulaire r\u00e9duit le risque de dommages ;les vis angulaires r\u00e9duisent le risque de desserrage ;acier forg\u00e9 de haute qualit\u00e9 pour une meilleure solidit\u00e9<\/p>\n<p>4932480475<br \/>\n4058546407605.<\/p>\n","protected":false},"excerpt":{"rendered":"<p>SDS Max Flr.Scraper Service Set-10pc<\/p>\n","protected":false},"featured_media":548593,"template":"","meta":{"_seopress_robots_primary_cat":"","_seopress_titles_title":"","_seopress_titles_desc":"","_seopress_robots_index":""},"product_brand":[3407],"product_cat":[29,514,549,550],"product_tag":[3270],"class_list":{"0":"post-624228","1":"product","2":"type-product","3":"status-publish","4":"has-post-thumbnail","6":"product_brand-milwaukee","7":"product_cat-macchinari","8":"product_cat-altri-dispositivi","9":"product_cat-trapani-e-avvitatori","10":"product_cat-accessori-per-trapani-ed-avvitatori","11":"product_tag-import-milwau","12":"sws-conto-ricavi-merci-rivendita-macchinari-fr","13":"sws-gruppo-iva-iva81-fr","15":"first","16":"onbackorder","17":"sale","18":"shipping-taxable","19":"purchasable","20":"product-type-simple"},"_links":{"self":[{"href":"https:\/\/lucacastelli.com\/fr\/wp-json\/wp\/v2\/product\/624228","targetHints":{"allow":["GET"]}}],"collection":[{"href":"https:\/\/lucacastelli.com\/fr\/wp-json\/wp\/v2\/product"}],"about":[{"href":"https:\/\/lucacastelli.com\/fr\/wp-json\/wp\/v2\/types\/product"}],"wp:featuredmedia":[{"embeddable":true,"href":"https:\/\/lucacastelli.com\/fr\/wp-json\/wp\/v2\/media\/548593"}],"wp:attachment":[{"href":"https:\/\/lucacastelli.com\/fr\/wp-json\/wp\/v2\/media?parent=624228"}],"wp:term":[{"taxonomy":"product_brand","embeddable":true,"href":"https:\/\/lucacastelli.com\/fr\/wp-json\/wp\/v2\/product_brand?post=624228"},{"taxonomy":"product_cat","embeddable":true,"href":"https:\/\/lucacastelli.com\/fr\/wp-json\/wp\/v2\/product_cat?post=624228"},{"taxonomy":"product_tag","embeddable":true,"href":"https:\/\/lucacastelli.com\/fr\/wp-json\/wp\/v2\/product_tag?post=624228"}],"curies":[{"name":"wp","href":"https:\/\/api.w.org\/{rel}","templated":true}]}}