{"id":624217,"date":"2025-08-09T11:26:23","date_gmt":"2025-08-09T09:26:23","guid":{"rendered":"https:\/\/lucacastelli.com\/prodotto\/milwaukee-scie-a-guichet-reglable-2\/"},"modified":"2025-08-09T11:26:23","modified_gmt":"2025-08-09T09:26:23","slug":"milwaukee-scie-a-guichet-reglable-2","status":"publish","type":"product","link":"https:\/\/lucacastelli.com\/fr\/produit\/milwaukee-scie-a-guichet-reglable-2\/","title":{"rendered":"Milwaukee Scie \u00e0 guichet r\u00e9glable"},"content":{"rendered":"<p>COUPE ADJUSTABLE de D 51 \u00e0 178mm 5pcs<br \/>\nPour les applications o\u00f9 le diam\u00e8tre du trou est tr\u00e8s grand comme les tuyaux de climatisation, les ventilateurs, les spots et les diffuseurs de plafond;Collecte 100% de la poussi\u00e8re et des d\u00e9bris;R\u00e9glable par incr\u00e9ments de 6,4 mm pour une capacit\u00e9 allant de 51 \u00e0 178 mm;Imprim\u00e9 au laser pour une meilleure identification du diam\u00e8tre;Convient pour les plaques de pl\u00e2tre (max. 25 mm) et les faux-plafonds. Ne convient pas au contreplaqu\u00e9 (OSB). <\/p>\n<p>49560260<br \/>\n0045242350261<\/p>\n","protected":false},"excerpt":{"rendered":"<p>Scie \u00e0 godet ajustable D 51 \u00e0 178mm 5pcs<\/p>\n","protected":false},"featured_media":588128,"template":"","meta":{"_seopress_robots_primary_cat":"","_seopress_titles_title":"","_seopress_titles_desc":"","_seopress_robots_index":""},"product_brand":[3407],"product_cat":[29,514,549,550],"product_tag":[3270],"class_list":{"0":"post-624217","1":"product","2":"type-product","3":"status-publish","4":"has-post-thumbnail","6":"product_brand-milwaukee","7":"product_cat-macchinari","8":"product_cat-altri-dispositivi","9":"product_cat-trapani-e-avvitatori","10":"product_cat-accessori-per-trapani-ed-avvitatori","11":"product_tag-import-milwau","12":"sws-conto-ricavi-merci-rivendita-macchinari-fr","13":"sws-gruppo-iva-iva81-fr","15":"first","16":"onbackorder","17":"sale","18":"shipping-taxable","19":"purchasable","20":"product-type-simple"},"_links":{"self":[{"href":"https:\/\/lucacastelli.com\/fr\/wp-json\/wp\/v2\/product\/624217","targetHints":{"allow":["GET"]}}],"collection":[{"href":"https:\/\/lucacastelli.com\/fr\/wp-json\/wp\/v2\/product"}],"about":[{"href":"https:\/\/lucacastelli.com\/fr\/wp-json\/wp\/v2\/types\/product"}],"wp:featuredmedia":[{"embeddable":true,"href":"https:\/\/lucacastelli.com\/fr\/wp-json\/wp\/v2\/media\/588128"}],"wp:attachment":[{"href":"https:\/\/lucacastelli.com\/fr\/wp-json\/wp\/v2\/media?parent=624217"}],"wp:term":[{"taxonomy":"product_brand","embeddable":true,"href":"https:\/\/lucacastelli.com\/fr\/wp-json\/wp\/v2\/product_brand?post=624217"},{"taxonomy":"product_cat","embeddable":true,"href":"https:\/\/lucacastelli.com\/fr\/wp-json\/wp\/v2\/product_cat?post=624217"},{"taxonomy":"product_tag","embeddable":true,"href":"https:\/\/lucacastelli.com\/fr\/wp-json\/wp\/v2\/product_tag?post=624217"}],"curies":[{"name":"wp","href":"https:\/\/api.w.org\/{rel}","templated":true}]}}