{"id":624216,"date":"2025-08-09T11:26:25","date_gmt":"2025-08-09T09:26:25","guid":{"rendered":"https:\/\/lucacastelli.com\/prodotto\/milwaukee-ciseau-a-ailettes-sds-250x22mm-1-pc\/"},"modified":"2025-08-09T11:26:25","modified_gmt":"2025-08-09T09:26:25","slug":"milwaukee-ciseau-a-ailettes-sds-250x22mm-1-pc","status":"publish","type":"product","link":"https:\/\/lucacastelli.com\/fr\/produit\/milwaukee-ciseau-a-ailettes-sds-250x22mm-1-pc\/","title":{"rendered":"Milwaukee Ciseau \u00e0 ailettes SDS+ 250x22mm -1 pc"},"content":{"rendered":"<p>SDS+ Wing Chisel 250x22mm -1 pc<br \/>\nLe ciseau \u00e0 queue d&#8217;aronde est id\u00e9al pour ciseler les canaux ouverts dans la brique, le gr\u00e8s ou le b\u00e9ton, et offre \u00e9galement la possibilit\u00e9 de contr\u00f4ler la profondeur de ciselage gr\u00e2ce aux ailes lat\u00e9rales;Compatible avec tous les marteaux rotatifs SDS-Plus;Fabriqu\u00e9 en Allemagne<\/p>\n<p>4932479900<br \/>\n4058546376949<\/p>\n","protected":false},"excerpt":{"rendered":"<p>Ciseau \u00e0 ailettes SDS+ 250x22mm -1 pc<\/p>\n","protected":false},"featured_media":545110,"template":"","meta":{"_seopress_robots_primary_cat":"","_seopress_titles_title":"","_seopress_titles_desc":"","_seopress_robots_index":""},"product_brand":[3407],"product_cat":[29,514,549,550],"product_tag":[3270],"class_list":{"0":"post-624216","1":"product","2":"type-product","3":"status-publish","4":"has-post-thumbnail","6":"product_brand-milwaukee","7":"product_cat-macchinari","8":"product_cat-altri-dispositivi","9":"product_cat-trapani-e-avvitatori","10":"product_cat-accessori-per-trapani-ed-avvitatori","11":"product_tag-import-milwau","12":"sws-conto-ricavi-merci-rivendita-macchinari-fr","13":"sws-gruppo-iva-iva81-fr","15":"first","16":"onbackorder","17":"sale","18":"shipping-taxable","19":"purchasable","20":"product-type-simple"},"_links":{"self":[{"href":"https:\/\/lucacastelli.com\/fr\/wp-json\/wp\/v2\/product\/624216","targetHints":{"allow":["GET"]}}],"collection":[{"href":"https:\/\/lucacastelli.com\/fr\/wp-json\/wp\/v2\/product"}],"about":[{"href":"https:\/\/lucacastelli.com\/fr\/wp-json\/wp\/v2\/types\/product"}],"wp:featuredmedia":[{"embeddable":true,"href":"https:\/\/lucacastelli.com\/fr\/wp-json\/wp\/v2\/media\/545110"}],"wp:attachment":[{"href":"https:\/\/lucacastelli.com\/fr\/wp-json\/wp\/v2\/media?parent=624216"}],"wp:term":[{"taxonomy":"product_brand","embeddable":true,"href":"https:\/\/lucacastelli.com\/fr\/wp-json\/wp\/v2\/product_brand?post=624216"},{"taxonomy":"product_cat","embeddable":true,"href":"https:\/\/lucacastelli.com\/fr\/wp-json\/wp\/v2\/product_cat?post=624216"},{"taxonomy":"product_tag","embeddable":true,"href":"https:\/\/lucacastelli.com\/fr\/wp-json\/wp\/v2\/product_tag?post=624216"}],"curies":[{"name":"wp","href":"https:\/\/api.w.org\/{rel}","templated":true}]}}