{"id":624210,"date":"2025-08-09T11:26:22","date_gmt":"2025-08-09T09:26:22","guid":{"rendered":"https:\/\/lucacastelli.com\/prodotto\/milwaukee-scie-a-guichet-reglable\/"},"modified":"2025-08-09T11:26:22","modified_gmt":"2025-08-09T09:26:22","slug":"milwaukee-scie-a-guichet-reglable","status":"publish","type":"product","link":"https:\/\/lucacastelli.com\/fr\/produit\/milwaukee-scie-a-guichet-reglable\/","title":{"rendered":"Milwaukee Scie \u00e0 guichet r\u00e9glable"},"content":{"rendered":"<p>Scie \u00e0 guichet Adj. QL Arbor 1\/4 75mm-1pc<br \/>\nadaptateur \u00e0 changement rapide avec bo\u00eetier 1\/4dogan pour fraises circulaires<\/p>\n<p>4932479553<br \/>\n4058546373474<\/p>\n","protected":false},"excerpt":{"rendered":"<p>Scie \u00e0 guichet ajustable QL Arbor 1\/4 75mm-1pc<\/p>\n","protected":false},"featured_media":544124,"template":"","meta":{"_seopress_robots_primary_cat":"","_seopress_titles_title":"","_seopress_titles_desc":"","_seopress_robots_index":""},"product_brand":[3407],"product_cat":[29,514,549,550],"product_tag":[3270],"class_list":{"0":"post-624210","1":"product","2":"type-product","3":"status-publish","4":"has-post-thumbnail","6":"product_brand-milwaukee","7":"product_cat-macchinari","8":"product_cat-altri-dispositivi","9":"product_cat-trapani-e-avvitatori","10":"product_cat-accessori-per-trapani-ed-avvitatori","11":"product_tag-import-milwau","12":"sws-conto-ricavi-merci-rivendita-macchinari-fr","13":"sws-gruppo-iva-iva81-fr","15":"first","16":"onbackorder","17":"sale","18":"shipping-taxable","19":"purchasable","20":"product-type-simple"},"_links":{"self":[{"href":"https:\/\/lucacastelli.com\/fr\/wp-json\/wp\/v2\/product\/624210","targetHints":{"allow":["GET"]}}],"collection":[{"href":"https:\/\/lucacastelli.com\/fr\/wp-json\/wp\/v2\/product"}],"about":[{"href":"https:\/\/lucacastelli.com\/fr\/wp-json\/wp\/v2\/types\/product"}],"wp:featuredmedia":[{"embeddable":true,"href":"https:\/\/lucacastelli.com\/fr\/wp-json\/wp\/v2\/media\/544124"}],"wp:attachment":[{"href":"https:\/\/lucacastelli.com\/fr\/wp-json\/wp\/v2\/media?parent=624210"}],"wp:term":[{"taxonomy":"product_brand","embeddable":true,"href":"https:\/\/lucacastelli.com\/fr\/wp-json\/wp\/v2\/product_brand?post=624210"},{"taxonomy":"product_cat","embeddable":true,"href":"https:\/\/lucacastelli.com\/fr\/wp-json\/wp\/v2\/product_cat?post=624210"},{"taxonomy":"product_tag","embeddable":true,"href":"https:\/\/lucacastelli.com\/fr\/wp-json\/wp\/v2\/product_tag?post=624210"}],"curies":[{"name":"wp","href":"https:\/\/api.w.org\/{rel}","templated":true}]}}