{"id":624202,"date":"2025-08-09T11:26:19","date_gmt":"2025-08-09T09:26:19","guid":{"rendered":"https:\/\/lucacastelli.com\/prodotto\/milwaukee-switchblade-embouts-degoine\/"},"modified":"2025-08-09T11:26:19","modified_gmt":"2025-08-09T09:26:19","slug":"milwaukee-switchblade-embouts-degoine","status":"publish","type":"product","link":"https:\/\/lucacastelli.com\/fr\/produit\/milwaukee-switchblade-embouts-degoine\/","title":{"rendered":"Milwaukee SWITCHBLADE embouts d&#8217;\u00e9go\u00efne"},"content":{"rendered":"<p>Perceuse \u00e0 bois SWB Selfeed Bit 65mm-1pc<br \/>\nVitesse : Vitesse de per\u00e7age accrue gr\u00e2ce au tr\u00e9pan de centrage qui attaque imm\u00e9diatement le mat\u00e9riau et permet au tr\u00e9pan de percer plus rapidement. Ce type de m\u00e8che est environ 40 % plus rapide qu&#8217;une m\u00e8che mecchia et environ 12 % plus rapide que notre m\u00e8che selfeed standard;Lames de remplacement SWITCHBLADE. Le syst\u00e8me de lames rempla\u00e7ables SWITCHBLADE garantit que ta lame est toujours bien aiguis\u00e9e. Cela augmente la productivit\u00e9 en \u00e9liminant les temps d&#8217;arr\u00eat pour le r\u00e9aff\u00fbtage et augmente la dur\u00e9e de vie globale de l&#8217;embout;Applications : trous d&#8217;entr\u00e9e pour les tuyaux en cuivre\/acier\/PVC\/Pex, trous d&#8217;entr\u00e9e pour les gros tuyaux et conduits, trous de passage pour les fils et les c\u00e2bles, pour tous les trous de plus de 30 mm et lorsqu&#8217;il n&#8217;y a pas d&#8217;autre solution viable;Chaque embout autoaliment\u00e9 est fourni avec 2 x vis d&#8217;alimentation &#8211; filetage normal, 1 x jeu de vis, 1 x cl\u00e9 Allen de 5\/32.   <\/p>\n<p>4932479502<br \/>\n4058546372965<\/p>\n","protected":false},"excerpt":{"rendered":"<p>Foreuse \u00e0 bois SWB Selfeed Bit 65mm-1pc<\/p>\n","protected":false},"featured_media":544079,"template":"","meta":{"_seopress_robots_primary_cat":"","_seopress_titles_title":"","_seopress_titles_desc":"","_seopress_robots_index":""},"product_brand":[3407],"product_cat":[29,514,549,550],"product_tag":[3270],"class_list":{"0":"post-624202","1":"product","2":"type-product","3":"status-publish","4":"has-post-thumbnail","6":"product_brand-milwaukee","7":"product_cat-macchinari","8":"product_cat-altri-dispositivi","9":"product_cat-trapani-e-avvitatori","10":"product_cat-accessori-per-trapani-ed-avvitatori","11":"product_tag-import-milwau","12":"sws-conto-ricavi-merci-rivendita-macchinari-fr","13":"sws-gruppo-iva-iva81-fr","15":"first","16":"onbackorder","17":"sale","18":"shipping-taxable","19":"purchasable","20":"product-type-simple"},"_links":{"self":[{"href":"https:\/\/lucacastelli.com\/fr\/wp-json\/wp\/v2\/product\/624202","targetHints":{"allow":["GET"]}}],"collection":[{"href":"https:\/\/lucacastelli.com\/fr\/wp-json\/wp\/v2\/product"}],"about":[{"href":"https:\/\/lucacastelli.com\/fr\/wp-json\/wp\/v2\/types\/product"}],"wp:featuredmedia":[{"embeddable":true,"href":"https:\/\/lucacastelli.com\/fr\/wp-json\/wp\/v2\/media\/544079"}],"wp:attachment":[{"href":"https:\/\/lucacastelli.com\/fr\/wp-json\/wp\/v2\/media?parent=624202"}],"wp:term":[{"taxonomy":"product_brand","embeddable":true,"href":"https:\/\/lucacastelli.com\/fr\/wp-json\/wp\/v2\/product_brand?post=624202"},{"taxonomy":"product_cat","embeddable":true,"href":"https:\/\/lucacastelli.com\/fr\/wp-json\/wp\/v2\/product_cat?post=624202"},{"taxonomy":"product_tag","embeddable":true,"href":"https:\/\/lucacastelli.com\/fr\/wp-json\/wp\/v2\/product_tag?post=624202"}],"curies":[{"name":"wp","href":"https:\/\/api.w.org\/{rel}","templated":true}]}}