{"id":624201,"date":"2025-08-09T11:26:15","date_gmt":"2025-08-09T09:26:15","guid":{"rendered":"https:\/\/lucacastelli.com\/prodotto\/milwaukee-forets-a-metaux-forges-hss-g-cobalt-din-338-61\/"},"modified":"2025-08-09T11:26:15","modified_gmt":"2025-08-09T09:26:15","slug":"milwaukee-forets-a-metaux-forges-hss-g-cobalt-din-338-61","status":"publish","type":"product","link":"https:\/\/lucacastelli.com\/fr\/produit\/milwaukee-forets-a-metaux-forges-hss-g-cobalt-din-338-61\/","title":{"rendered":"MILWAUKEE Forets \u00e0 m\u00e9taux forg\u00e9s HSS-G COBALT &#8211; DIN 338"},"content":{"rendered":"<p>HSS-CO-BITCH 3,3X65 MM 10pcs<br \/>\nM\u00e8ches HSS au cobalt rectifi\u00e9es particuli\u00e8rement r\u00e9sistantes \u00e0 la chaleur et fabriqu\u00e9es selon les normes DIN 338. Finition polie;Ar\u00eates de coupe avec angle de coupe de 135\u00b0. Pas de poin\u00e7on de centrage n\u00e9cessaire;Le cobalt (5%) emp\u00eache la surchauffe du foret;H\u00e9lice de type N. Convient au per\u00e7age de l&#8217;acier, de la fonte et des alliages dont la r\u00e9sistance \u00e0 la traction est inf\u00e9rieure \u00e0 1000 N\/mm2, du bois, du plastique et de l&#8217;acier inoxydable;Convient au per\u00e7age de l&#8217;acier et des m\u00e9taux fortement alli\u00e9s dont la r\u00e9sistance \u00e0 la traction est sup\u00e9rieure \u00e0 1000 N\/mm2, tels que les aciers r\u00e9sistants \u00e0 la chaleur et \u00e0 l&#8217;acide et l&#8217;acier inoxydable.  <\/p>\n<p>4932471142<br \/>\n4058546287702<\/p>\n","protected":false},"excerpt":{"rendered":"<p>HSS-CO-BITCH 3,3X65 MM 10pcs.<\/p>\n","protected":false},"featured_media":530929,"template":"","meta":{"_seopress_robots_primary_cat":"","_seopress_titles_title":"","_seopress_titles_desc":"","_seopress_robots_index":""},"product_brand":[3658],"product_cat":[167,1453,1552,1555],"product_tag":[3273],"class_list":{"0":"post-624201","1":"product","2":"type-product","3":"status-publish","4":"has-post-thumbnail","6":"product_brand-milwaukee-fr","7":"product_cat-machines","8":"product_cat-autres-appareils","9":"product_cat-perceuses-et-tournevis","10":"product_cat-accessoires-pour-perceuses-et-tournevis","11":"product_tag-import-milwau-fr","12":"sws-conto-ricavi-merci-rivendita-macchinari-fr","13":"sws-gruppo-iva-iva81-fr","15":"first","16":"onbackorder","17":"sale","18":"shipping-taxable","19":"purchasable","20":"product-type-simple"},"_links":{"self":[{"href":"https:\/\/lucacastelli.com\/fr\/wp-json\/wp\/v2\/product\/624201","targetHints":{"allow":["GET"]}}],"collection":[{"href":"https:\/\/lucacastelli.com\/fr\/wp-json\/wp\/v2\/product"}],"about":[{"href":"https:\/\/lucacastelli.com\/fr\/wp-json\/wp\/v2\/types\/product"}],"wp:featuredmedia":[{"embeddable":true,"href":"https:\/\/lucacastelli.com\/fr\/wp-json\/wp\/v2\/media\/530929"}],"wp:attachment":[{"href":"https:\/\/lucacastelli.com\/fr\/wp-json\/wp\/v2\/media?parent=624201"}],"wp:term":[{"taxonomy":"product_brand","embeddable":true,"href":"https:\/\/lucacastelli.com\/fr\/wp-json\/wp\/v2\/product_brand?post=624201"},{"taxonomy":"product_cat","embeddable":true,"href":"https:\/\/lucacastelli.com\/fr\/wp-json\/wp\/v2\/product_cat?post=624201"},{"taxonomy":"product_tag","embeddable":true,"href":"https:\/\/lucacastelli.com\/fr\/wp-json\/wp\/v2\/product_tag?post=624201"}],"curies":[{"name":"wp","href":"https:\/\/api.w.org\/{rel}","templated":true}]}}