{"id":624176,"date":"2025-08-09T11:25:22","date_gmt":"2025-08-09T09:25:22","guid":{"rendered":"https:\/\/lucacastelli.com\/prodotto\/milwaukee-meches-multi-materiaux-3\/"},"modified":"2025-08-09T11:25:22","modified_gmt":"2025-08-09T09:25:22","slug":"milwaukee-meches-multi-materiaux-3","status":"publish","type":"product","link":"https:\/\/lucacastelli.com\/fr\/produit\/milwaukee-meches-multi-materiaux-3\/","title":{"rendered":"Milwaukee M\u00e8ches multi-mat\u00e9riaux"},"content":{"rendered":"<p>MIT MULTIMATERIEL 10X400 MM -1pcs<br \/>\nCon\u00e7u pour \u00eatre utilis\u00e9 avec les cl\u00e9s \u00e0 chocs et les perceuses\/visseuses;Le tranchant en carbure de tungst\u00e8ne (TCT) permet de percer le b\u00e9ton, les briques, les tuiles, les blocs de b\u00e9ton, le m\u00e9tal fin, les carreaux de c\u00e9ramique de duret\u00e9 moyenne, tous les types de bois et le PVC;Rainure blanche pour une identification facile<\/p>\n<p>4932471109<br \/>\n4058546287375<\/p>\n","protected":false},"excerpt":{"rendered":"<p>Pointe MULTIMATERIALE 10X400 MM -1pcs<\/p>\n","protected":false},"featured_media":530805,"template":"","meta":{"_seopress_robots_primary_cat":"","_seopress_titles_title":"","_seopress_titles_desc":"","_seopress_robots_index":""},"product_brand":[3407],"product_cat":[29,514,549,550],"product_tag":[3270],"class_list":{"0":"post-624176","1":"product","2":"type-product","3":"status-publish","4":"has-post-thumbnail","6":"product_brand-milwaukee","7":"product_cat-macchinari","8":"product_cat-altri-dispositivi","9":"product_cat-trapani-e-avvitatori","10":"product_cat-accessori-per-trapani-ed-avvitatori","11":"product_tag-import-milwau","12":"sws-conto-ricavi-merci-rivendita-macchinari-fr","13":"sws-gruppo-iva-iva81-fr","15":"first","16":"onbackorder","17":"sale","18":"shipping-taxable","19":"purchasable","20":"product-type-simple"},"_links":{"self":[{"href":"https:\/\/lucacastelli.com\/fr\/wp-json\/wp\/v2\/product\/624176","targetHints":{"allow":["GET"]}}],"collection":[{"href":"https:\/\/lucacastelli.com\/fr\/wp-json\/wp\/v2\/product"}],"about":[{"href":"https:\/\/lucacastelli.com\/fr\/wp-json\/wp\/v2\/types\/product"}],"wp:featuredmedia":[{"embeddable":true,"href":"https:\/\/lucacastelli.com\/fr\/wp-json\/wp\/v2\/media\/530805"}],"wp:attachment":[{"href":"https:\/\/lucacastelli.com\/fr\/wp-json\/wp\/v2\/media?parent=624176"}],"wp:term":[{"taxonomy":"product_brand","embeddable":true,"href":"https:\/\/lucacastelli.com\/fr\/wp-json\/wp\/v2\/product_brand?post=624176"},{"taxonomy":"product_cat","embeddable":true,"href":"https:\/\/lucacastelli.com\/fr\/wp-json\/wp\/v2\/product_cat?post=624176"},{"taxonomy":"product_tag","embeddable":true,"href":"https:\/\/lucacastelli.com\/fr\/wp-json\/wp\/v2\/product_tag?post=624176"}],"curies":[{"name":"wp","href":"https:\/\/api.w.org\/{rel}","templated":true}]}}