{"id":624164,"date":"2025-08-09T19:51:36","date_gmt":"2025-08-09T17:51:36","guid":{"rendered":"https:\/\/lucacastelli.com\/prodotto\/milwaukee-packout-boites-a-outils-6\/"},"modified":"2025-08-09T19:51:36","modified_gmt":"2025-08-09T17:51:36","slug":"milwaukee-packout-boites-a-outils-6","status":"publish","type":"product","link":"https:\/\/lucacastelli.com\/fr\/produit\/milwaukee-packout-boites-a-outils-6\/","title":{"rendered":"MILWAUKEE PACKOUT Bo\u00eetes \u00e0 outils"},"content":{"rendered":"<p>PACKOUT Bo\u00eetes \u00e0 outils \u00e0 2 tiroirs &#8211; 1pc<br \/>\nAcc\u00e8de facilement \u00e0 tes outils, sans retirer aucun \u00e9l\u00e9ment;Les glissi\u00e8res \u00e0 billes en acier supportent un poids allant jusqu&#8217;\u00e0 11 kg par tiroir;La barre de s\u00e9curit\u00e9 emp\u00eache l&#8217;ouverture non d\u00e9sir\u00e9e des tiroirs pendant le transport et permet de cadenasser les tiroirs ;Chaque unit\u00e9 de tiroirs est livr\u00e9e avec un ensemble de s\u00e9parateurs \u00e0 r\u00e9glage rapide qui permettent aux utilisateurs de personnaliser la disposition interne des tiroirs;Renforts lat\u00e9raux en aluminium;Construite en polym\u00e8res r\u00e9sistants aux chocs pour une durabilit\u00e9 maximale;Fait partie du syst\u00e8me de rangement modulaire PACKOUT<\/p>\n<p>4932472129<br \/>\n4058546325251.<\/p>\n","protected":false},"excerpt":{"rendered":"<p>PACKOUT Bo\u00eete \u00e0 outils \u00e0 2 tiroirs &#8211; 1pc<\/p>\n","protected":false},"featured_media":539218,"template":"","meta":{"_seopress_robots_primary_cat":"","_seopress_titles_title":"","_seopress_titles_desc":"","_seopress_robots_index":""},"product_brand":[3407],"product_cat":[5416,33],"product_tag":[3270],"class_list":{"0":"post-624164","1":"product","2":"type-product","3":"status-publish","4":"has-post-thumbnail","6":"product_brand-milwaukee","7":"product_cat-utensili-per-officina","8":"product_cat-attrezzature","9":"product_tag-import-milwau","10":"sws-conto-ricavi-merci-rivendita-macchinari-fr","11":"sws-gruppo-iva-iva81-fr","13":"first","14":"onbackorder","15":"sale","16":"shipping-taxable","17":"purchasable","18":"product-type-simple"},"_links":{"self":[{"href":"https:\/\/lucacastelli.com\/fr\/wp-json\/wp\/v2\/product\/624164","targetHints":{"allow":["GET"]}}],"collection":[{"href":"https:\/\/lucacastelli.com\/fr\/wp-json\/wp\/v2\/product"}],"about":[{"href":"https:\/\/lucacastelli.com\/fr\/wp-json\/wp\/v2\/types\/product"}],"wp:featuredmedia":[{"embeddable":true,"href":"https:\/\/lucacastelli.com\/fr\/wp-json\/wp\/v2\/media\/539218"}],"wp:attachment":[{"href":"https:\/\/lucacastelli.com\/fr\/wp-json\/wp\/v2\/media?parent=624164"}],"wp:term":[{"taxonomy":"product_brand","embeddable":true,"href":"https:\/\/lucacastelli.com\/fr\/wp-json\/wp\/v2\/product_brand?post=624164"},{"taxonomy":"product_cat","embeddable":true,"href":"https:\/\/lucacastelli.com\/fr\/wp-json\/wp\/v2\/product_cat?post=624164"},{"taxonomy":"product_tag","embeddable":true,"href":"https:\/\/lucacastelli.com\/fr\/wp-json\/wp\/v2\/product_tag?post=624164"}],"curies":[{"name":"wp","href":"https:\/\/api.w.org\/{rel}","templated":true}]}}