{"id":624161,"date":"2025-08-09T19:30:58","date_gmt":"2025-08-09T17:30:58","guid":{"rendered":"https:\/\/lucacastelli.com\/prodotto\/milwaukee-marqueurs-indelebiles-a-large-pointe-8\/"},"modified":"2025-08-09T19:30:58","modified_gmt":"2025-08-09T17:30:58","slug":"milwaukee-marqueurs-indelebiles-a-large-pointe-8","status":"publish","type":"product","link":"https:\/\/lucacastelli.com\/fr\/produit\/milwaukee-marqueurs-indelebiles-a-large-pointe-8\/","title":{"rendered":"Milwaukee Marqueurs ind\u00e9l\u00e9biles \u00e0 large pointe"},"content":{"rendered":"<p>INDEL LARGE POINT XL-BLUE EYE-PEN &#8211; 1 pc<br \/>\nConserve son pouvoir d&#8217;\u00e9criture m\u00eame apr\u00e8s 72 heures sans capuchon;Peut \u00eatre utilis\u00e9 sur des surfaces humides, huileuses, rouill\u00e9es et couvertes de d\u00e9bris;Peut \u00eatre utilis\u00e9 sur le b\u00e9ton, le bois, le m\u00e9tal, le contreplaqu\u00e9, l&#8217;OSB et le plastique;S\u00e9chage rapide de l&#8217;encre &#8211; r\u00e9duit les taches sur les surfaces en PVC et en m\u00e9tal;Facile \u00e0 lire \u00e0 longue distance gr\u00e2ce \u00e0 un trait extra-large<\/p>\n<p>4932471561<br \/>\n4058546294601<\/p>\n","protected":false},"excerpt":{"rendered":"<p>INDEL LARGE POINT XL-BLUE &#8211; 1 pc.<\/p>\n","protected":false},"featured_media":600341,"template":"","meta":{"_seopress_robots_primary_cat":"","_seopress_titles_title":"","_seopress_titles_desc":"","_seopress_robots_index":""},"product_brand":[3407],"product_cat":[5416,33],"product_tag":[3270],"class_list":{"0":"post-624161","1":"product","2":"type-product","3":"status-publish","4":"has-post-thumbnail","6":"product_brand-milwaukee","7":"product_cat-utensili-per-officina","8":"product_cat-attrezzature","9":"product_tag-import-milwau","10":"sws-conto-ricavi-merci-rivendita-macchinari-fr","11":"sws-gruppo-iva-iva81-fr","13":"first","14":"onbackorder","15":"sale","16":"shipping-taxable","17":"purchasable","18":"product-type-simple"},"_links":{"self":[{"href":"https:\/\/lucacastelli.com\/fr\/wp-json\/wp\/v2\/product\/624161","targetHints":{"allow":["GET"]}}],"collection":[{"href":"https:\/\/lucacastelli.com\/fr\/wp-json\/wp\/v2\/product"}],"about":[{"href":"https:\/\/lucacastelli.com\/fr\/wp-json\/wp\/v2\/types\/product"}],"wp:featuredmedia":[{"embeddable":true,"href":"https:\/\/lucacastelli.com\/fr\/wp-json\/wp\/v2\/media\/600341"}],"wp:attachment":[{"href":"https:\/\/lucacastelli.com\/fr\/wp-json\/wp\/v2\/media?parent=624161"}],"wp:term":[{"taxonomy":"product_brand","embeddable":true,"href":"https:\/\/lucacastelli.com\/fr\/wp-json\/wp\/v2\/product_brand?post=624161"},{"taxonomy":"product_cat","embeddable":true,"href":"https:\/\/lucacastelli.com\/fr\/wp-json\/wp\/v2\/product_cat?post=624161"},{"taxonomy":"product_tag","embeddable":true,"href":"https:\/\/lucacastelli.com\/fr\/wp-json\/wp\/v2\/product_tag?post=624161"}],"curies":[{"name":"wp","href":"https:\/\/api.w.org\/{rel}","templated":true}]}}