{"id":624158,"date":"2025-08-09T19:50:42","date_gmt":"2025-08-09T17:50:42","guid":{"rendered":"https:\/\/lucacastelli.com\/prodotto\/milwaukee-packout-etageres-mobiles-3\/"},"modified":"2025-08-09T19:50:42","modified_gmt":"2025-08-09T17:50:42","slug":"milwaukee-packout-etageres-mobiles-3","status":"publish","type":"product","link":"https:\/\/lucacastelli.com\/fr\/produit\/milwaukee-packout-etageres-mobiles-3\/","title":{"rendered":"MILWAUKEE PACKOUT \u00c9tag\u00e8res mobiles"},"content":{"rendered":"<p>E-TRACK PACKOUT RACK. SYST 50CM 2PCS<br \/>\nLe syst\u00e8me d&#8217;\u00e9tag\u00e8res mobiles peut \u00eatre fix\u00e9 au mur dans les v\u00e9hicules ou dans des lieux tels que les entrep\u00f4ts, les garages, etc.;Conception \u00e0 d\u00e9gagement rapide pour faciliter l&#8217;assemblage, le r\u00e9glage de la hauteur et le retrait des \u00e9tag\u00e8res;Fait partie du syst\u00e8me de stockage modulaire PACKOUT. <\/p>\n<p>4932478996<br \/>\n4058546362782<\/p>\n","protected":false},"excerpt":{"rendered":"<p>E-TRACK PACKOUT RACK. SYST 50CM 2PCS <\/p>\n","protected":false},"featured_media":542610,"template":"","meta":{"_seopress_robots_primary_cat":"","_seopress_titles_title":"","_seopress_titles_desc":"","_seopress_robots_index":""},"product_brand":[3407],"product_cat":[5416,33],"product_tag":[3270],"class_list":{"0":"post-624158","1":"product","2":"type-product","3":"status-publish","4":"has-post-thumbnail","6":"product_brand-milwaukee","7":"product_cat-utensili-per-officina","8":"product_cat-attrezzature","9":"product_tag-import-milwau","10":"sws-conto-ricavi-merci-rivendita-macchinari-fr","11":"sws-gruppo-iva-iva81-fr","13":"first","14":"onbackorder","15":"sale","16":"shipping-taxable","17":"purchasable","18":"product-type-simple"},"_links":{"self":[{"href":"https:\/\/lucacastelli.com\/fr\/wp-json\/wp\/v2\/product\/624158","targetHints":{"allow":["GET"]}}],"collection":[{"href":"https:\/\/lucacastelli.com\/fr\/wp-json\/wp\/v2\/product"}],"about":[{"href":"https:\/\/lucacastelli.com\/fr\/wp-json\/wp\/v2\/types\/product"}],"wp:featuredmedia":[{"embeddable":true,"href":"https:\/\/lucacastelli.com\/fr\/wp-json\/wp\/v2\/media\/542610"}],"wp:attachment":[{"href":"https:\/\/lucacastelli.com\/fr\/wp-json\/wp\/v2\/media?parent=624158"}],"wp:term":[{"taxonomy":"product_brand","embeddable":true,"href":"https:\/\/lucacastelli.com\/fr\/wp-json\/wp\/v2\/product_brand?post=624158"},{"taxonomy":"product_cat","embeddable":true,"href":"https:\/\/lucacastelli.com\/fr\/wp-json\/wp\/v2\/product_cat?post=624158"},{"taxonomy":"product_tag","embeddable":true,"href":"https:\/\/lucacastelli.com\/fr\/wp-json\/wp\/v2\/product_tag?post=624158"}],"curies":[{"name":"wp","href":"https:\/\/api.w.org\/{rel}","templated":true}]}}