{"id":624152,"date":"2025-08-09T19:30:54","date_gmt":"2025-08-09T17:30:54","guid":{"rendered":"https:\/\/lucacastelli.com\/prodotto\/milwaukee-marqueurs-indelebiles-3\/"},"modified":"2025-08-09T19:30:54","modified_gmt":"2025-08-09T17:30:54","slug":"milwaukee-marqueurs-indelebiles-3","status":"publish","type":"product","link":"https:\/\/lucacastelli.com\/fr\/produit\/milwaukee-marqueurs-indelebiles-3\/","title":{"rendered":"Milwaukee Marqueurs ind\u00e9l\u00e9biles"},"content":{"rendered":"<p>INDELIBLE FINE-TIME BLUE TIP<br \/>\nPointe extr\u00eamement durable qui ne s&#8217;ab\u00eeme pas m\u00eame sous une forte pression de l&#8217;utilisateur &#8211; emp\u00eache la pointe de prendre une forme arrondie;Pointe acrylique id\u00e9ale pour les surfaces rugueuses telles que le b\u00e9ton ou le contreplaqu\u00e9;Haute r\u00e9sistance de la pointe. Le marqueur continue d&#8217;\u00e9crire m\u00eame apr\u00e8s 72 heures d&#8217;exposition \u00e0 l&#8217;air;Utilisable sur le b\u00e9ton, le bois, le m\u00e9tal, les plaques de pl\u00e2tre, le contreplaqu\u00e9, le plastique;Utilisable sur les surfaces humides, huileuses, poussi\u00e9reuses, rouill\u00e9es et sur les surfaces o\u00f9 il y a des d\u00e9bris ;Temps de s\u00e9chage rapide &#8211; r\u00e9duit les taches sur les surfaces en plastique et en m\u00e9tal;Corps mince pour une utilisation dans les endroits confin\u00e9s;Trou pour cordon &#8211; possibilit\u00e9 d&#8217;attacher le marqueur \u00e0 la ceinture;Bouchon facile \u00e0 ouvrir d&#8217;une seule main;Design con\u00e7u pour ne pas glisser sur les surfaces. <\/p>\n<p>4932492126<br \/>\n4058546414931<\/p>\n","protected":false},"excerpt":{"rendered":"<p>MARQUEUR BLEU \u00c0 POINTE FINE IND\u00c9L\u00c9BILE<\/p>\n","protected":false},"featured_media":554966,"template":"","meta":{"_seopress_robots_primary_cat":"","_seopress_titles_title":"","_seopress_titles_desc":"","_seopress_robots_index":""},"product_brand":[3407],"product_cat":[5416,33],"product_tag":[3270],"class_list":{"0":"post-624152","1":"product","2":"type-product","3":"status-publish","4":"has-post-thumbnail","6":"product_brand-milwaukee","7":"product_cat-utensili-per-officina","8":"product_cat-attrezzature","9":"product_tag-import-milwau","10":"sws-conto-ricavi-merci-rivendita-macchinari-fr","11":"sws-gruppo-iva-iva81-fr","13":"first","14":"onbackorder","15":"sale","16":"shipping-taxable","17":"purchasable","18":"product-type-simple"},"_links":{"self":[{"href":"https:\/\/lucacastelli.com\/fr\/wp-json\/wp\/v2\/product\/624152","targetHints":{"allow":["GET"]}}],"collection":[{"href":"https:\/\/lucacastelli.com\/fr\/wp-json\/wp\/v2\/product"}],"about":[{"href":"https:\/\/lucacastelli.com\/fr\/wp-json\/wp\/v2\/types\/product"}],"wp:featuredmedia":[{"embeddable":true,"href":"https:\/\/lucacastelli.com\/fr\/wp-json\/wp\/v2\/media\/554966"}],"wp:attachment":[{"href":"https:\/\/lucacastelli.com\/fr\/wp-json\/wp\/v2\/media?parent=624152"}],"wp:term":[{"taxonomy":"product_brand","embeddable":true,"href":"https:\/\/lucacastelli.com\/fr\/wp-json\/wp\/v2\/product_brand?post=624152"},{"taxonomy":"product_cat","embeddable":true,"href":"https:\/\/lucacastelli.com\/fr\/wp-json\/wp\/v2\/product_cat?post=624152"},{"taxonomy":"product_tag","embeddable":true,"href":"https:\/\/lucacastelli.com\/fr\/wp-json\/wp\/v2\/product_tag?post=624152"}],"curies":[{"name":"wp","href":"https:\/\/api.w.org\/{rel}","templated":true}]}}