{"id":624137,"date":"2025-08-09T19:30:50","date_gmt":"2025-08-09T17:30:50","guid":{"rendered":"https:\/\/lucacastelli.com\/prodotto\/milwaukee-porte-outils-pour-formes-souples-3\/"},"modified":"2025-08-09T19:30:50","modified_gmt":"2025-08-09T17:30:50","slug":"milwaukee-porte-outils-pour-formes-souples-3","status":"publish","type":"product","link":"https:\/\/lucacastelli.com\/fr\/produit\/milwaukee-porte-outils-pour-formes-souples-3\/","title":{"rendered":"Milwaukee Porte-outils pour formes souples"},"content":{"rendered":"<p>MODULE DE PORTE-OUTILS DROIT<br \/>\nLa densit\u00e9 de l&#8217;\u00e9ponge thermoform\u00e9e am\u00e9liore la r\u00e9sistance \u00e0 l&#8217;abrasion. ;Identification facile des outils gr\u00e2ce au double coloriage rouge. ;D\u00e9coup\u00e9 au laser pour optimiser l&#8217;espace \u00e0 l&#8217;int\u00e9rieur du chariot \u00e0 10 tiroirs. ;Id\u00e9al pour ranger les douilles, les accessoires, les embouts et les petites pi\u00e8ces.     <\/p>\n<p>4932493636<br \/>\n4058546485078<\/p>\n","protected":false},"excerpt":{"rendered":"<p>MODULE \u00c0 COMPARTIMENT \u00c9TROIT<\/p>\n","protected":false},"featured_media":562988,"template":"","meta":{"_seopress_robots_primary_cat":"","_seopress_titles_title":"","_seopress_titles_desc":"","_seopress_robots_index":""},"product_brand":[3658],"product_cat":[5417,144],"product_tag":[3273],"class_list":{"0":"post-624137","1":"product","2":"type-product","3":"status-publish","4":"has-post-thumbnail","6":"product_brand-milwaukee-fr","7":"product_cat-outils-pour-atelier","8":"product_cat-equipement","9":"product_tag-import-milwau-fr","10":"sws-conto-ricavi-merci-rivendita-macchinari-fr","11":"sws-gruppo-iva-iva81-fr","13":"first","14":"onbackorder","15":"sale","16":"shipping-taxable","17":"purchasable","18":"product-type-simple"},"_links":{"self":[{"href":"https:\/\/lucacastelli.com\/fr\/wp-json\/wp\/v2\/product\/624137","targetHints":{"allow":["GET"]}}],"collection":[{"href":"https:\/\/lucacastelli.com\/fr\/wp-json\/wp\/v2\/product"}],"about":[{"href":"https:\/\/lucacastelli.com\/fr\/wp-json\/wp\/v2\/types\/product"}],"wp:featuredmedia":[{"embeddable":true,"href":"https:\/\/lucacastelli.com\/fr\/wp-json\/wp\/v2\/media\/562988"}],"wp:attachment":[{"href":"https:\/\/lucacastelli.com\/fr\/wp-json\/wp\/v2\/media?parent=624137"}],"wp:term":[{"taxonomy":"product_brand","embeddable":true,"href":"https:\/\/lucacastelli.com\/fr\/wp-json\/wp\/v2\/product_brand?post=624137"},{"taxonomy":"product_cat","embeddable":true,"href":"https:\/\/lucacastelli.com\/fr\/wp-json\/wp\/v2\/product_cat?post=624137"},{"taxonomy":"product_tag","embeddable":true,"href":"https:\/\/lucacastelli.com\/fr\/wp-json\/wp\/v2\/product_tag?post=624137"}],"curies":[{"name":"wp","href":"https:\/\/api.w.org\/{rel}","templated":true}]}}