{"id":624126,"date":"2025-08-09T19:30:48","date_gmt":"2025-08-09T17:30:48","guid":{"rendered":"https:\/\/lucacastelli.com\/prodotto\/milwaukee-porte-outils-pour-formes-souples\/"},"modified":"2025-08-09T19:30:48","modified_gmt":"2025-08-09T17:30:48","slug":"milwaukee-porte-outils-pour-formes-souples","status":"publish","type":"product","link":"https:\/\/lucacastelli.com\/fr\/produit\/milwaukee-porte-outils-pour-formes-souples\/","title":{"rendered":"Milwaukee Porte-outils pour formes souples"},"content":{"rendered":"<p>MODULE DE RANGEMENT POUR GRANDS TIROIRS<br \/>\nLa densit\u00e9 de l&#8217;\u00e9ponge thermoform\u00e9e am\u00e9liore la r\u00e9sistance \u00e0 l&#8217;abrasion;Identification facile des outils gr\u00e2ce au double coloris rouge;D\u00e9coupage au laser pour optimiser l&#8217;espace \u00e0 l&#8217;int\u00e9rieur du chariot \u00e0 10 tiroirs;Id\u00e9al pour ranger les douilles, les accessoires, les embouts et les petites pi\u00e8ces. <\/p>\n<p>4932492390<br \/>\n4058546417574<\/p>\n","protected":false},"excerpt":{"rendered":"<p>GRAND MODULE SOUPLE<\/p>\n","protected":false},"featured_media":556233,"template":"","meta":{"_seopress_robots_primary_cat":"","_seopress_titles_title":"","_seopress_titles_desc":"","_seopress_robots_index":""},"product_brand":[3407],"product_cat":[5416,33],"product_tag":[3270],"class_list":{"0":"post-624126","1":"product","2":"type-product","3":"status-publish","4":"has-post-thumbnail","6":"product_brand-milwaukee","7":"product_cat-utensili-per-officina","8":"product_cat-attrezzature","9":"product_tag-import-milwau","10":"sws-conto-ricavi-merci-rivendita-macchinari-fr","11":"sws-gruppo-iva-iva81-fr","13":"first","14":"onbackorder","15":"sale","16":"shipping-taxable","17":"purchasable","18":"product-type-simple"},"_links":{"self":[{"href":"https:\/\/lucacastelli.com\/fr\/wp-json\/wp\/v2\/product\/624126","targetHints":{"allow":["GET"]}}],"collection":[{"href":"https:\/\/lucacastelli.com\/fr\/wp-json\/wp\/v2\/product"}],"about":[{"href":"https:\/\/lucacastelli.com\/fr\/wp-json\/wp\/v2\/types\/product"}],"wp:featuredmedia":[{"embeddable":true,"href":"https:\/\/lucacastelli.com\/fr\/wp-json\/wp\/v2\/media\/556233"}],"wp:attachment":[{"href":"https:\/\/lucacastelli.com\/fr\/wp-json\/wp\/v2\/media?parent=624126"}],"wp:term":[{"taxonomy":"product_brand","embeddable":true,"href":"https:\/\/lucacastelli.com\/fr\/wp-json\/wp\/v2\/product_brand?post=624126"},{"taxonomy":"product_cat","embeddable":true,"href":"https:\/\/lucacastelli.com\/fr\/wp-json\/wp\/v2\/product_cat?post=624126"},{"taxonomy":"product_tag","embeddable":true,"href":"https:\/\/lucacastelli.com\/fr\/wp-json\/wp\/v2\/product_tag?post=624126"}],"curies":[{"name":"wp","href":"https:\/\/api.w.org\/{rel}","templated":true}]}}