{"id":624120,"date":"2025-08-09T19:22:40","date_gmt":"2025-08-09T17:22:40","guid":{"rendered":"https:\/\/lucacastelli.com\/prodotto\/milwaukee-%c2%bd-rallonges-de-douilles\/"},"modified":"2025-08-09T19:22:40","modified_gmt":"2025-08-09T17:22:40","slug":"milwaukee-%c2%bd-rallonges-de-douilles","status":"publish","type":"product","link":"https:\/\/lucacastelli.com\/fr\/produit\/milwaukee-%c2%bd-rallonges-de-douilles\/","title":{"rendered":"Milwaukee \u00bd&#8221; rallonges de douilles"},"content":{"rendered":"<p>EXTENSION 1\/2 DE 250 mm<br \/>\nSHOCKWAVE\u2122 (Chromomolybd\u00e8ne) acier r\u00e9sistant aux chocs est un acier de haute qualit\u00e9 qui permet une endurance particuli\u00e8rement longue;Dimensions poin\u00e7onn\u00e9es et cod\u00e9es par couleur pour une identification facile et pour que le num\u00e9ro de l&#8217;article reste longtemps sur l&#8217;article;Double per\u00e7age et rainurage pour une fixation facile des accessoires de s\u00e9curit\u00e9<\/p>\n<p>4932480353<br \/>\n4058546406387.<\/p>\n","protected":false},"excerpt":{"rendered":"<p>EXTENSION 1\/2 \u00c0 PARTIR DE 250 mm<\/p>\n","protected":false},"featured_media":548009,"template":"","meta":{"_seopress_robots_primary_cat":"","_seopress_titles_title":"","_seopress_titles_desc":"","_seopress_robots_index":""},"product_brand":[3658],"product_cat":[1555,167,1552],"product_tag":[3273],"class_list":{"0":"post-624120","1":"product","2":"type-product","3":"status-publish","4":"has-post-thumbnail","6":"product_brand-milwaukee-fr","7":"product_cat-accessoires-pour-perceuses-et-tournevis","8":"product_cat-machines","9":"product_cat-perceuses-et-tournevis","10":"product_tag-import-milwau-fr","11":"sws-conto-ricavi-merci-rivendita-macchinari-fr","12":"sws-gruppo-iva-iva81-fr","14":"first","15":"onbackorder","16":"sale","17":"shipping-taxable","18":"purchasable","19":"product-type-simple"},"_links":{"self":[{"href":"https:\/\/lucacastelli.com\/fr\/wp-json\/wp\/v2\/product\/624120","targetHints":{"allow":["GET"]}}],"collection":[{"href":"https:\/\/lucacastelli.com\/fr\/wp-json\/wp\/v2\/product"}],"about":[{"href":"https:\/\/lucacastelli.com\/fr\/wp-json\/wp\/v2\/types\/product"}],"wp:featuredmedia":[{"embeddable":true,"href":"https:\/\/lucacastelli.com\/fr\/wp-json\/wp\/v2\/media\/548009"}],"wp:attachment":[{"href":"https:\/\/lucacastelli.com\/fr\/wp-json\/wp\/v2\/media?parent=624120"}],"wp:term":[{"taxonomy":"product_brand","embeddable":true,"href":"https:\/\/lucacastelli.com\/fr\/wp-json\/wp\/v2\/product_brand?post=624120"},{"taxonomy":"product_cat","embeddable":true,"href":"https:\/\/lucacastelli.com\/fr\/wp-json\/wp\/v2\/product_cat?post=624120"},{"taxonomy":"product_tag","embeddable":true,"href":"https:\/\/lucacastelli.com\/fr\/wp-json\/wp\/v2\/product_tag?post=624120"}],"curies":[{"name":"wp","href":"https:\/\/api.w.org\/{rel}","templated":true}]}}