{"id":624108,"date":"2025-08-09T19:51:52","date_gmt":"2025-08-09T17:51:52","guid":{"rendered":"https:\/\/lucacastelli.com\/prodotto\/milwaukee-packout-sac-isotherme\/"},"modified":"2025-08-09T19:51:52","modified_gmt":"2025-08-09T17:51:52","slug":"milwaukee-packout-sac-isotherme","status":"publish","type":"product","link":"https:\/\/lucacastelli.com\/fr\/produit\/milwaukee-packout-sac-isotherme\/","title":{"rendered":"MILWAUKEE PACKOUT Sac isotherme"},"content":{"rendered":"<p>PACKOUT THERMAL BAG 1pcs<br \/>\nPartie int\u00e9grante du syst\u00e8me de rangement modulaire PACKOUT\u2122;La base semi-rigide r\u00e9sistante aux chocs prot\u00e8ge le contenu de l&#8217;eau et de la salet\u00e9 et permet au sac d&#8217;avoir une stabilit\u00e9 maximale;L&#8217;isolation maintient le froid constant jusqu&#8217;\u00e0 24 heures;Isolation int\u00e9rieure imperm\u00e9able;\u00c9quip\u00e9 d&#8217;une bandouli\u00e8re pour une manipulation facile<\/p>\n<p>4932471132<br \/>\n4058546287603.<\/p>\n","protected":false},"excerpt":{"rendered":"<p>PACKOUT COOL BAG 1pcs<\/p>\n","protected":false},"featured_media":530876,"template":"","meta":{"_seopress_robots_primary_cat":"","_seopress_titles_title":"","_seopress_titles_desc":"","_seopress_robots_index":""},"product_brand":[3407],"product_cat":[5416,33],"product_tag":[3270],"class_list":{"0":"post-624108","1":"product","2":"type-product","3":"status-publish","4":"has-post-thumbnail","6":"product_brand-milwaukee","7":"product_cat-utensili-per-officina","8":"product_cat-attrezzature","9":"product_tag-import-milwau","10":"sws-conto-ricavi-merci-rivendita-macchinari-fr","11":"sws-gruppo-iva-iva81-fr","13":"first","14":"onbackorder","15":"sale","16":"shipping-taxable","17":"purchasable","18":"product-type-simple"},"_links":{"self":[{"href":"https:\/\/lucacastelli.com\/fr\/wp-json\/wp\/v2\/product\/624108","targetHints":{"allow":["GET"]}}],"collection":[{"href":"https:\/\/lucacastelli.com\/fr\/wp-json\/wp\/v2\/product"}],"about":[{"href":"https:\/\/lucacastelli.com\/fr\/wp-json\/wp\/v2\/types\/product"}],"wp:featuredmedia":[{"embeddable":true,"href":"https:\/\/lucacastelli.com\/fr\/wp-json\/wp\/v2\/media\/530876"}],"wp:attachment":[{"href":"https:\/\/lucacastelli.com\/fr\/wp-json\/wp\/v2\/media?parent=624108"}],"wp:term":[{"taxonomy":"product_brand","embeddable":true,"href":"https:\/\/lucacastelli.com\/fr\/wp-json\/wp\/v2\/product_brand?post=624108"},{"taxonomy":"product_cat","embeddable":true,"href":"https:\/\/lucacastelli.com\/fr\/wp-json\/wp\/v2\/product_cat?post=624108"},{"taxonomy":"product_tag","embeddable":true,"href":"https:\/\/lucacastelli.com\/fr\/wp-json\/wp\/v2\/product_tag?post=624108"}],"curies":[{"name":"wp","href":"https:\/\/api.w.org\/{rel}","templated":true}]}}