{"id":624105,"date":"2025-08-09T19:51:45","date_gmt":"2025-08-09T17:51:45","guid":{"rendered":"https:\/\/lucacastelli.com\/prodotto\/milwaukee-packout-chariot-a-deux-roues\/"},"modified":"2025-08-09T19:51:45","modified_gmt":"2025-08-09T17:51:45","slug":"milwaukee-packout-chariot-a-deux-roues","status":"publish","type":"product","link":"https:\/\/lucacastelli.com\/fr\/produit\/milwaukee-packout-chariot-a-deux-roues\/","title":{"rendered":"MILWAUKEE PACKOUT Chariot \u00e0 deux roues ."},"content":{"rendered":"<p>PACKOUT TWO-WHEEL TROLLEY 1 pc<br \/>\nDeux bases sur des niveaux diff\u00e9rents pour une option de stockage suppl\u00e9mentaire;Grille int\u00e9gr\u00e9e pour ranger les niveaux et autres objets;Capacit\u00e9 de charge de 180 kg;Roulettes de 25 cm situ\u00e9es \u00e0 l&#8217;int\u00e9rieur de la structure du chariot permettant de franchir facilement les portes;Base pliable pour un stockage facile;Partie int\u00e9grante du syst\u00e8me PACKOUT\u2122;Construit en polym\u00e8res r\u00e9sistants aux chocs pour une durabilit\u00e9 accrue sur le site<\/p>\n<p>4932472131<br \/>\n4058546325275.<\/p>\n","protected":false},"excerpt":{"rendered":"<p>PACKOUT CHARIOT \u00c0 DEUX ROUES 1 pc<\/p>\n","protected":false},"featured_media":539312,"template":"","meta":{"_seopress_robots_primary_cat":"","_seopress_titles_title":"","_seopress_titles_desc":"","_seopress_robots_index":""},"product_brand":[3658],"product_cat":[144,5417],"product_tag":[3273],"class_list":{"0":"post-624105","1":"product","2":"type-product","3":"status-publish","4":"has-post-thumbnail","6":"product_brand-milwaukee-fr","7":"product_cat-equipement","8":"product_cat-outils-pour-atelier","9":"product_tag-import-milwau-fr","10":"sws-conto-ricavi-merci-rivendita-macchinari-fr","11":"sws-gruppo-iva-iva81-fr","13":"first","14":"onbackorder","15":"sale","16":"shipping-taxable","17":"purchasable","18":"product-type-simple"},"_links":{"self":[{"href":"https:\/\/lucacastelli.com\/fr\/wp-json\/wp\/v2\/product\/624105","targetHints":{"allow":["GET"]}}],"collection":[{"href":"https:\/\/lucacastelli.com\/fr\/wp-json\/wp\/v2\/product"}],"about":[{"href":"https:\/\/lucacastelli.com\/fr\/wp-json\/wp\/v2\/types\/product"}],"wp:featuredmedia":[{"embeddable":true,"href":"https:\/\/lucacastelli.com\/fr\/wp-json\/wp\/v2\/media\/539312"}],"wp:attachment":[{"href":"https:\/\/lucacastelli.com\/fr\/wp-json\/wp\/v2\/media?parent=624105"}],"wp:term":[{"taxonomy":"product_brand","embeddable":true,"href":"https:\/\/lucacastelli.com\/fr\/wp-json\/wp\/v2\/product_brand?post=624105"},{"taxonomy":"product_cat","embeddable":true,"href":"https:\/\/lucacastelli.com\/fr\/wp-json\/wp\/v2\/product_cat?post=624105"},{"taxonomy":"product_tag","embeddable":true,"href":"https:\/\/lucacastelli.com\/fr\/wp-json\/wp\/v2\/product_tag?post=624105"}],"curies":[{"name":"wp","href":"https:\/\/api.w.org\/{rel}","templated":true}]}}