{"id":624100,"date":"2025-08-09T19:51:47","date_gmt":"2025-08-09T17:51:47","guid":{"rendered":"https:\/\/lucacastelli.com\/prodotto\/milwaukee-packout-sacs-a-outils-fermes\/"},"modified":"2025-08-09T19:51:47","modified_gmt":"2025-08-09T17:51:47","slug":"milwaukee-packout-sacs-a-outils-fermes","status":"publish","type":"product","link":"https:\/\/lucacastelli.com\/fr\/produit\/milwaukee-packout-sacs-a-outils-fermes\/","title":{"rendered":"MILWAUKEE PACKOUT Sacs \u00e0 outils ferm\u00e9s"},"content":{"rendered":"<p>PACKOUT SAC \u00c0 OUTILS FERM\u00c9 38CM<br \/>\nPartie int\u00e9grante du syst\u00e8me de rangement modulaire PACKOUT\u2122;Fabriqu\u00e9 en nylon balistique 1680;La base durable prot\u00e8ge contre l&#8217;eau et les d\u00e9bris;Bandouli\u00e8re rembourr\u00e9e, poign\u00e9es sup\u00e9rieure et lat\u00e9rales pour un confort de transport accru<\/p>\n<p>4932471066<br \/>\n.<\/p>\n","protected":false},"excerpt":{"rendered":"<p>PACKOUT SAC \u00c0 OUTILS FERM\u00c9 38CM<\/p>\n","protected":false},"featured_media":535530,"template":"","meta":{"_seopress_robots_primary_cat":"","_seopress_titles_title":"","_seopress_titles_desc":"","_seopress_robots_index":""},"product_brand":[3407],"product_cat":[5416,33],"product_tag":[3270],"class_list":{"0":"post-624100","1":"product","2":"type-product","3":"status-publish","4":"has-post-thumbnail","6":"product_brand-milwaukee","7":"product_cat-utensili-per-officina","8":"product_cat-attrezzature","9":"product_tag-import-milwau","10":"sws-conto-ricavi-merci-rivendita-macchinari-fr","11":"sws-gruppo-iva-iva81-fr","13":"first","14":"onbackorder","15":"sale","16":"shipping-taxable","17":"purchasable","18":"product-type-simple"},"_links":{"self":[{"href":"https:\/\/lucacastelli.com\/fr\/wp-json\/wp\/v2\/product\/624100","targetHints":{"allow":["GET"]}}],"collection":[{"href":"https:\/\/lucacastelli.com\/fr\/wp-json\/wp\/v2\/product"}],"about":[{"href":"https:\/\/lucacastelli.com\/fr\/wp-json\/wp\/v2\/types\/product"}],"wp:featuredmedia":[{"embeddable":true,"href":"https:\/\/lucacastelli.com\/fr\/wp-json\/wp\/v2\/media\/535530"}],"wp:attachment":[{"href":"https:\/\/lucacastelli.com\/fr\/wp-json\/wp\/v2\/media?parent=624100"}],"wp:term":[{"taxonomy":"product_brand","embeddable":true,"href":"https:\/\/lucacastelli.com\/fr\/wp-json\/wp\/v2\/product_brand?post=624100"},{"taxonomy":"product_cat","embeddable":true,"href":"https:\/\/lucacastelli.com\/fr\/wp-json\/wp\/v2\/product_cat?post=624100"},{"taxonomy":"product_tag","embeddable":true,"href":"https:\/\/lucacastelli.com\/fr\/wp-json\/wp\/v2\/product_tag?post=624100"}],"curies":[{"name":"wp","href":"https:\/\/api.w.org\/{rel}","templated":true}]}}