{"id":624099,"date":"2025-08-09T19:51:41","date_gmt":"2025-08-09T17:51:41","guid":{"rendered":"https:\/\/lucacastelli.com\/prodotto\/milwaukee-packout-boites-a-outils-5\/"},"modified":"2025-08-09T19:51:41","modified_gmt":"2025-08-09T17:51:41","slug":"milwaukee-packout-boites-a-outils-5","status":"publish","type":"product","link":"https:\/\/lucacastelli.com\/fr\/produit\/milwaukee-packout-boites-a-outils-5\/","title":{"rendered":"MILWAUKEE PACKOUT Bo\u00eetes \u00e0 outils"},"content":{"rendered":"<p>PACKOUT XL Tool Box -1pc<br \/>\nGrande capacit\u00e9 de stockage pour accueillir des outils tels que des scies \u00e0 ruban, des meuleuses d&#8217;angle et des marteaux;Capacit\u00e9 de poids totale de 45 kg;Fait partie du syst\u00e8me de stockage modulaire PACKOUT\u2122;Construit en polym\u00e8res extr\u00eamement r\u00e9sistants pour une durabilit\u00e9 maximale;Joints d&#8217;\u00e9tanch\u00e9it\u00e9 conformes \u00e0 la norme IP65 pour r\u00e9sister \u00e0 la pluie et aux d\u00e9bris de chantier;Coins m\u00e9talliques renforc\u00e9s;Compartiment interne pour les accessoires plus petits;Pr\u00eat pour ONE-KEY\u2122 TICK\u2122<\/p>\n<p>4932478162<br \/>\n4058546340957.<\/p>\n","protected":false},"excerpt":{"rendered":"<p>PACKOUT XL Bo\u00eete \u00e0 outils -1pc<\/p>\n","protected":false},"featured_media":540254,"template":"","meta":{"_seopress_robots_primary_cat":"","_seopress_titles_title":"","_seopress_titles_desc":"","_seopress_robots_index":""},"product_brand":[3407],"product_cat":[5416,33],"product_tag":[3270],"class_list":{"0":"post-624099","1":"product","2":"type-product","3":"status-publish","4":"has-post-thumbnail","6":"product_brand-milwaukee","7":"product_cat-utensili-per-officina","8":"product_cat-attrezzature","9":"product_tag-import-milwau","10":"sws-conto-ricavi-merci-rivendita-macchinari-fr","11":"sws-gruppo-iva-iva81-fr","13":"first","14":"onbackorder","15":"sale","16":"shipping-taxable","17":"purchasable","18":"product-type-simple"},"_links":{"self":[{"href":"https:\/\/lucacastelli.com\/fr\/wp-json\/wp\/v2\/product\/624099","targetHints":{"allow":["GET"]}}],"collection":[{"href":"https:\/\/lucacastelli.com\/fr\/wp-json\/wp\/v2\/product"}],"about":[{"href":"https:\/\/lucacastelli.com\/fr\/wp-json\/wp\/v2\/types\/product"}],"wp:featuredmedia":[{"embeddable":true,"href":"https:\/\/lucacastelli.com\/fr\/wp-json\/wp\/v2\/media\/540254"}],"wp:attachment":[{"href":"https:\/\/lucacastelli.com\/fr\/wp-json\/wp\/v2\/media?parent=624099"}],"wp:term":[{"taxonomy":"product_brand","embeddable":true,"href":"https:\/\/lucacastelli.com\/fr\/wp-json\/wp\/v2\/product_brand?post=624099"},{"taxonomy":"product_cat","embeddable":true,"href":"https:\/\/lucacastelli.com\/fr\/wp-json\/wp\/v2\/product_cat?post=624099"},{"taxonomy":"product_tag","embeddable":true,"href":"https:\/\/lucacastelli.com\/fr\/wp-json\/wp\/v2\/product_tag?post=624099"}],"curies":[{"name":"wp","href":"https:\/\/api.w.org\/{rel}","templated":true}]}}