{"id":624072,"date":"2025-08-09T19:51:54","date_gmt":"2025-08-09T17:51:54","guid":{"rendered":"https:\/\/lucacastelli.com\/prodotto\/milwaukee-packout-closed-tool-bag-sac-a-outils-ferme\/"},"modified":"2025-08-09T19:51:54","modified_gmt":"2025-08-09T17:51:54","slug":"milwaukee-packout-closed-tool-bag-sac-a-outils-ferme","status":"publish","type":"product","link":"https:\/\/lucacastelli.com\/fr\/produit\/milwaukee-packout-closed-tool-bag-sac-a-outils-ferme\/","title":{"rendered":"MILWAUKEE PACKOUT Closed Tool Bag (Sac \u00e0 outils ferm\u00e9)"},"content":{"rendered":"<p>PACKOUT SAC \u00c0 OUTILS FERM\u00c9 38 MM<br \/>\nR\u00e9sistance maximale gr\u00e2ce au mat\u00e9riau balistique 1680D et 1800D;La superposition des tissus augmente la durabilit\u00e9 et les performances;Bords renforc\u00e9s, anneaux et ressorts m\u00e9talliques pour la durabilit\u00e9;65 poches pour une meilleure organisation des outils;Bandouli\u00e8re et poign\u00e9e de transport ergonomique;Porte-ruban pour un acc\u00e8s facile;La base PACKOUT\u2122 moul\u00e9e prot\u00e8ge contre l&#8217;humidit\u00e9 et les d\u00e9bris;Fait partie du syst\u00e8me PACKOUT\u2122<\/p>\n<p>4932493623<br \/>\n4058546484941.<\/p>\n","protected":false},"excerpt":{"rendered":"<p>PACKOUT SAC \u00c0 OUTILS FERM\u00c9 38 MM<\/p>\n","protected":false},"featured_media":562888,"template":"","meta":{"_seopress_robots_primary_cat":"","_seopress_titles_title":"","_seopress_titles_desc":"","_seopress_robots_index":""},"product_brand":[3407],"product_cat":[5416,33],"product_tag":[3270],"class_list":{"0":"post-624072","1":"product","2":"type-product","3":"status-publish","4":"has-post-thumbnail","6":"product_brand-milwaukee","7":"product_cat-utensili-per-officina","8":"product_cat-attrezzature","9":"product_tag-import-milwau","10":"sws-conto-ricavi-merci-rivendita-macchinari-fr","11":"sws-gruppo-iva-iva81-fr","13":"first","14":"onbackorder","15":"sale","16":"shipping-taxable","17":"purchasable","18":"product-type-simple"},"_links":{"self":[{"href":"https:\/\/lucacastelli.com\/fr\/wp-json\/wp\/v2\/product\/624072","targetHints":{"allow":["GET"]}}],"collection":[{"href":"https:\/\/lucacastelli.com\/fr\/wp-json\/wp\/v2\/product"}],"about":[{"href":"https:\/\/lucacastelli.com\/fr\/wp-json\/wp\/v2\/types\/product"}],"wp:featuredmedia":[{"embeddable":true,"href":"https:\/\/lucacastelli.com\/fr\/wp-json\/wp\/v2\/media\/562888"}],"wp:attachment":[{"href":"https:\/\/lucacastelli.com\/fr\/wp-json\/wp\/v2\/media?parent=624072"}],"wp:term":[{"taxonomy":"product_brand","embeddable":true,"href":"https:\/\/lucacastelli.com\/fr\/wp-json\/wp\/v2\/product_brand?post=624072"},{"taxonomy":"product_cat","embeddable":true,"href":"https:\/\/lucacastelli.com\/fr\/wp-json\/wp\/v2\/product_cat?post=624072"},{"taxonomy":"product_tag","embeddable":true,"href":"https:\/\/lucacastelli.com\/fr\/wp-json\/wp\/v2\/product_tag?post=624072"}],"curies":[{"name":"wp","href":"https:\/\/api.w.org\/{rel}","templated":true}]}}