{"id":624067,"date":"2025-08-09T19:51:53","date_gmt":"2025-08-09T17:51:53","guid":{"rendered":"https:\/\/lucacastelli.com\/prodotto\/milwaukee-packout-sac-a-outils-technique-ferme\/"},"modified":"2025-08-09T19:51:53","modified_gmt":"2025-08-09T17:51:53","slug":"milwaukee-packout-sac-a-outils-technique-ferme","status":"publish","type":"product","link":"https:\/\/lucacastelli.com\/fr\/produit\/milwaukee-packout-sac-a-outils-technique-ferme\/","title":{"rendered":"MILWAUKEE PACKOUT Sac \u00e0 outils technique ferm\u00e9"},"content":{"rendered":"<p>PACKOUT CLOSED TOOL BAG 1 pc<br \/>\nFait partie du syst\u00e8me de rangement modulaire PACKOUT\u2122;Construit en nylon balistique 1680;Base durable prot\u00e9geant contre l&#8217;eau et les d\u00e9bris;58 poches;Poche s\u00e9curis\u00e9e pour PC et tablette<\/p>\n<p>4932471130<br \/>\n4058546287580.<\/p>\n","protected":false},"excerpt":{"rendered":"<p>PACKOUT SAC \u00c0 OUTILS FERM\u00c9 1 pc<\/p>\n","protected":false},"featured_media":530814,"template":"","meta":{"_seopress_robots_primary_cat":"","_seopress_titles_title":"","_seopress_titles_desc":"","_seopress_robots_index":""},"product_brand":[3407],"product_cat":[5416,33],"product_tag":[3270],"class_list":{"0":"post-624067","1":"product","2":"type-product","3":"status-publish","4":"has-post-thumbnail","6":"product_brand-milwaukee","7":"product_cat-utensili-per-officina","8":"product_cat-attrezzature","9":"product_tag-import-milwau","10":"sws-conto-ricavi-merci-rivendita-macchinari-fr","11":"sws-gruppo-iva-iva81-fr","13":"first","14":"onbackorder","15":"sale","16":"shipping-taxable","17":"purchasable","18":"product-type-simple"},"_links":{"self":[{"href":"https:\/\/lucacastelli.com\/fr\/wp-json\/wp\/v2\/product\/624067","targetHints":{"allow":["GET"]}}],"collection":[{"href":"https:\/\/lucacastelli.com\/fr\/wp-json\/wp\/v2\/product"}],"about":[{"href":"https:\/\/lucacastelli.com\/fr\/wp-json\/wp\/v2\/types\/product"}],"wp:featuredmedia":[{"embeddable":true,"href":"https:\/\/lucacastelli.com\/fr\/wp-json\/wp\/v2\/media\/530814"}],"wp:attachment":[{"href":"https:\/\/lucacastelli.com\/fr\/wp-json\/wp\/v2\/media?parent=624067"}],"wp:term":[{"taxonomy":"product_brand","embeddable":true,"href":"https:\/\/lucacastelli.com\/fr\/wp-json\/wp\/v2\/product_brand?post=624067"},{"taxonomy":"product_cat","embeddable":true,"href":"https:\/\/lucacastelli.com\/fr\/wp-json\/wp\/v2\/product_cat?post=624067"},{"taxonomy":"product_tag","embeddable":true,"href":"https:\/\/lucacastelli.com\/fr\/wp-json\/wp\/v2\/product_tag?post=624067"}],"curies":[{"name":"wp","href":"https:\/\/api.w.org\/{rel}","templated":true}]}}