{"id":624004,"date":"2025-08-19T10:55:18","date_gmt":"2025-08-19T08:55:18","guid":{"rendered":"https:\/\/lucacastelli.com\/prodotto\/pfanner-canfull-maximus\/"},"modified":"2026-04-14T04:11:00","modified_gmt":"2026-04-14T02:11:00","slug":"pfanner-canfull-maximus","status":"publish","type":"product","link":"https:\/\/lucacastelli.com\/fr\/produit\/pfanner-canfull-maximus\/","title":{"rendered":"PFANNER Canfull Maximus"},"content":{"rendered":"<p>Le short de travail StretchFlex Canfull Maximus est un short de travail robuste pour enfants avec genoux pr\u00e9form\u00e9s. L&#8217;ensemble du pantalon est dot\u00e9 d&#8217;une \u00e9lasticit\u00e9 bidirectionnelle qui garantit un ajustement confortable.<br \/>\n-Technologie StretchFlex<br \/>\n-3CON Reflex<br \/>\n-Double fermeture \u00e0 la taille<br \/>\n-Poche fonctionnelle<br \/>\n-Poche int\u00e9rieure lat\u00e9rale<br \/>\n-Bandes r\u00e9fl\u00e9chissantes<br \/>\n-\u00c9lastique \u00e0 la taille <\/p>\n<p>Mati\u00e8re : 63 % polyester, 34 % coton, 3 % spandex<br \/>\nTailles : 104, 116, 128, 140, 152 (+5 cm d&#8217;allongement du syst\u00e8me)<\/p>\n","protected":false},"excerpt":{"rendered":"<p>Le short de travail StretchFlex Canfull Maximus est un short de travail robuste pour enfants avec genoux pr\u00e9form\u00e9s. L&#8217;ensemble du<\/p>\n","protected":false},"featured_media":619164,"template":"","meta":{"_seopress_robots_primary_cat":"none","_seopress_titles_title":"","_seopress_titles_desc":"","_seopress_robots_index":""},"product_brand":[3458],"product_cat":[21,189,685],"product_tag":[],"class_list":{"0":"post-624004","1":"product","2":"type-product","3":"status-publish","4":"has-post-thumbnail","6":"product_brand-pfanner","7":"product_cat-abbigliamento","8":"product_cat-abbigliamento-per-il-tempo-libero","9":"product_cat-abbigliamento-da-bambino","10":"sws-gruppo-no-gruppo-fr","11":"sws-conto-ricavi-merci-rivendita-abbigliamento-fr","12":"sws-gruppo-iva-iva81-fr","14":"first","15":"instock","16":"shipping-taxable","17":"purchasable","18":"product-type-variable","19":"has-default-attributes"},"_links":{"self":[{"href":"https:\/\/lucacastelli.com\/fr\/wp-json\/wp\/v2\/product\/624004","targetHints":{"allow":["GET"]}}],"collection":[{"href":"https:\/\/lucacastelli.com\/fr\/wp-json\/wp\/v2\/product"}],"about":[{"href":"https:\/\/lucacastelli.com\/fr\/wp-json\/wp\/v2\/types\/product"}],"wp:featuredmedia":[{"embeddable":true,"href":"https:\/\/lucacastelli.com\/fr\/wp-json\/wp\/v2\/media\/619164"}],"wp:attachment":[{"href":"https:\/\/lucacastelli.com\/fr\/wp-json\/wp\/v2\/media?parent=624004"}],"wp:term":[{"taxonomy":"product_brand","embeddable":true,"href":"https:\/\/lucacastelli.com\/fr\/wp-json\/wp\/v2\/product_brand?post=624004"},{"taxonomy":"product_cat","embeddable":true,"href":"https:\/\/lucacastelli.com\/fr\/wp-json\/wp\/v2\/product_cat?post=624004"},{"taxonomy":"product_tag","embeddable":true,"href":"https:\/\/lucacastelli.com\/fr\/wp-json\/wp\/v2\/product_tag?post=624004"}],"curies":[{"name":"wp","href":"https:\/\/api.w.org\/{rel}","templated":true}]}}